{"id":1291,"date":"2026-03-04T11:42:27","date_gmt":"2026-03-04T11:42:27","guid":{"rendered":"https:\/\/chocolate-giraffe-524086.hostingersite.com\/?page_id=1291"},"modified":"2026-03-19T21:45:40","modified_gmt":"2026-03-19T21:45:40","slug":"proizvodi","status":"publish","type":"page","link":"https:\/\/hidraulikakarovic.com\/en\/proizvodi\/","title":{"rendered":"Na\u0161i proizvodi"},"content":{"rendered":"<h2 class=\"wp-block-heading has-white-color has-text-color has-link-color wp-elements-c39a40bbfd1bd35223020c2a3633a399\">Products<\/h2>\n\n\n\n<p class=\"has-ast-global-color-5-color has-text-color has-link-color wp-elements-3f73d07daf41131f6c49b9fda8bdca93\">Our product range includes hydraulic baling presses for cardboard and PET packaging, foam, textiles, firewood splitters, hydraulic power units for various industrial applications, fruit presses, as well as scissor lifts.<\/p>\n\n\n<div data-spectra-id=\"spectra-mmvuc5xs-odlmi7\" style=\"display: flex; justify-content: center; \" class=\"wp-block-spectra-separator wp-block-spectra-separator\">\n\t<div class=\"spectra-separator-line\" style=\"margin-left: auto; margin-right: auto; background-color: currentColor; \"><\/div>\n<\/div>\n\n\n\n<h4 class=\"wp-block-heading has-white-color has-text-color has-link-color wp-elements-207f222c87d9bb43e0f4c95391c8b52a\"><strong>BALING PRESSES<\/strong><\/h4>\n\n\n\n<p class=\"has-white-color has-text-color has-link-color wp-elements-47d92965e84441cc273c57e3759e0728\">Hydraulic presses designed for baling cardboard packaging in retail stores, warehouses, and recycling centers. The machines feature a robust construction and are built for long-term operation.<\/p>\n\n\n\n<figure data-spectra-id=\"spectra-mmuyosid-dnmge2\" class=\"wp-block-image size-full is-resized is-style-default\"><img loading=\"lazy\" decoding=\"async\" width=\"375\" height=\"666\" src=\"https:\/\/hidraulikakarovic.com\/wp-content\/uploads\/2026\/03\/WhatsApp_Image_2026-03-13_at_21.11.19-removebg-preview.png\" alt=\"hidrauli\u010dne prese\" class=\"wp-image-1552\" title=\"Na\u0161i proizvodi\" srcset=\"https:\/\/hidraulikakarovic.com\/wp-content\/uploads\/2026\/03\/WhatsApp_Image_2026-03-13_at_21.11.19-removebg-preview.png 375w, https:\/\/hidraulikakarovic.com\/wp-content\/uploads\/2026\/03\/WhatsApp_Image_2026-03-13_at_21.11.19-removebg-preview-169x300.png 169w, https:\/\/hidraulikakarovic.com\/wp-content\/uploads\/2026\/03\/WhatsApp_Image_2026-03-13_at_21.11.19-removebg-preview-7x12.png 7w\" sizes=\"auto, (max-width: 375px) 100vw, 375px\" \/><\/figure>\n\n\n\n<div class=\"wp-block-buttons has-ast-global-color-8-background-color has-background is-layout-flex wp-block-buttons-is-layout-flex\">\n<div class=\"wp-block-button\"><a class=\"wp-block-button__link has-vivid-red-background-color has-background wp-element-button\" href=\"https:\/\/hidraulikakarovic.com\/en\/presa-za-baliranje-kartona-pet-ambalaze\/\">MORE DETAILS<\/a><\/div>\n<\/div>\n\n\n<div data-spectra-id=\"spectra-26884359-70f6-4b53-9842-8ed71c1adf91\" style=\"display: flex; justify-content: center; \" class=\"wp-block-spectra-separator wp-block-spectra-separator\">\n\t<div class=\"spectra-separator-line\" style=\"margin-left: auto; margin-right: auto; background-color: currentColor; \"><\/div>\n<\/div>\n\n\n\n<h4 class=\"wp-block-heading has-white-color has-text-color has-link-color wp-elements-e27110ab93c4d419012cfad6e8e04fea\"><strong>WOOD SPLITTERS<\/strong><\/h4>\n\n\n\n<p class=\"has-white-color has-text-color has-link-color wp-elements-5763d0da6e24070edbde3ccea91ef393\">Hydraulic splitters for fast and efficient wood splitting. Suitable for both household and professional use.<\/p>\n\n\n\n<figure data-spectra-id=\"spectra-mmuyr56j-a9hd5g\" class=\"wp-block-image size-full is-resized\"><img loading=\"lazy\" decoding=\"async\" width=\"666\" height=\"375\" src=\"https:\/\/hidraulikakarovic.com\/wp-content\/uploads\/2026\/03\/WhatsApp_Image_2026-03-13_at_20.34.45__1_-removebg-preview-1.png\" alt=\"hidrauli\u010dni cepa\u010di\" class=\"wp-image-1553\" title=\"Na\u0161i proizvodi\" srcset=\"https:\/\/hidraulikakarovic.com\/wp-content\/uploads\/2026\/03\/WhatsApp_Image_2026-03-13_at_20.34.45__1_-removebg-preview-1.png 666w, https:\/\/hidraulikakarovic.com\/wp-content\/uploads\/2026\/03\/WhatsApp_Image_2026-03-13_at_20.34.45__1_-removebg-preview-1-300x169.png 300w, https:\/\/hidraulikakarovic.com\/wp-content\/uploads\/2026\/03\/WhatsApp_Image_2026-03-13_at_20.34.45__1_-removebg-preview-1-18x10.png 18w\" sizes=\"auto, (max-width: 666px) 100vw, 666px\" \/><\/figure>\n\n\n\n<div class=\"wp-block-buttons has-ast-global-color-8-background-color has-background is-layout-flex wp-block-buttons-is-layout-flex\">\n<div class=\"wp-block-button\"><a class=\"wp-block-button__link has-vivid-red-background-color has-background wp-element-button\" href=\"https:\/\/hidraulikakarovic.com\/en\/cepaci-za-drva\/\">MORE DETAILS<\/a><\/div>\n<\/div>\n\n\n<div data-spectra-id=\"spectra-mmvuewll-48jvk4\" style=\"display: flex; justify-content: center; \" class=\"wp-block-spectra-separator wp-block-spectra-separator\">\n\t<div class=\"spectra-separator-line\" style=\"margin-left: auto; margin-right: auto; background-color: currentColor; \"><\/div>\n<\/div>\n\n\n\n<h4 class=\"wp-block-heading has-white-color has-text-color has-link-color wp-elements-cd357f96a58047d8e1087379954eadf2\"><strong>HYDRAULIC POWER UNITS<\/strong><\/h4>\n\n\n\n<p class=\"has-white-color has-text-color has-link-color wp-elements-fc3906b5fdc4c78cdab5c240e6b8af4c\">Hydraulic power units for various industrial applications and for powering hydraulic systems. Manufactured according to customer requirements.<\/p>\n\n\n\n<figure data-spectra-id=\"spectra-mmv0bny2-vsrmr9\" class=\"wp-block-image size-full is-resized\"><img loading=\"lazy\" decoding=\"async\" width=\"433\" height=\"577\" src=\"https:\/\/hidraulikakarovic.com\/wp-content\/uploads\/2026\/03\/WhatsApp_Image_2026-03-17_at_19.41.46__2_-removebg-preview-2.png\" alt=\"hidrauli\u010dni agregati\" class=\"wp-image-1594\" title=\"Na\u0161i proizvodi\" srcset=\"https:\/\/hidraulikakarovic.com\/wp-content\/uploads\/2026\/03\/WhatsApp_Image_2026-03-17_at_19.41.46__2_-removebg-preview-2.png 433w, https:\/\/hidraulikakarovic.com\/wp-content\/uploads\/2026\/03\/WhatsApp_Image_2026-03-17_at_19.41.46__2_-removebg-preview-2-225x300.png 225w, https:\/\/hidraulikakarovic.com\/wp-content\/uploads\/2026\/03\/WhatsApp_Image_2026-03-17_at_19.41.46__2_-removebg-preview-2-9x12.png 9w\" sizes=\"auto, (max-width: 433px) 100vw, 433px\" \/><\/figure>\n\n\n\n<div class=\"wp-block-buttons has-ast-global-color-8-background-color has-background is-layout-flex wp-block-buttons-is-layout-flex\">\n<div class=\"wp-block-button\"><a class=\"wp-block-button__link has-vivid-red-background-color has-background wp-element-button\" href=\"https:\/\/hidraulikakarovic.com\/en\/agregati\/\">MORE DETAILS<\/a><\/div>\n<\/div>\n\n\n<div data-spectra-id=\"spectra-d445cc9a-d0fe-4031-8c94-58b702403284\" style=\"display: flex; justify-content: center; \" class=\"wp-block-spectra-separator wp-block-spectra-separator\">\n\t<div class=\"spectra-separator-line\" style=\"margin-left: auto; margin-right: auto; background-color: currentColor; \"><\/div>\n<\/div>\n\n\n\n<h4 class=\"wp-block-heading has-white-color has-text-color has-link-color wp-elements-32a16e563cfad7c33fa527b6194d11ec\"><strong>FRUIT PRESSES<\/strong><\/h4>\n\n\n\n<p class=\"has-white-color has-text-color has-link-color wp-elements-20321c5a4f62b49a8311dfb2090e702c\">Hydraulic fruit presses are designed for producing natural juices without added sugar.<\/p>\n\n\n\n<figure data-spectra-id=\"spectra-mmv0jn1r-m85q0c\" class=\"wp-block-image size-full is-resized\"><img loading=\"lazy\" decoding=\"async\" width=\"433\" height=\"577\" src=\"https:\/\/hidraulikakarovic.com\/wp-content\/uploads\/2026\/03\/20180707_171830-removebg-preview.png\" alt=\"prese za ce\u0111enje vo\u0107a\" class=\"wp-image-1598\" title=\"Na\u0161i proizvodi\" srcset=\"https:\/\/hidraulikakarovic.com\/wp-content\/uploads\/2026\/03\/20180707_171830-removebg-preview.png 433w, https:\/\/hidraulikakarovic.com\/wp-content\/uploads\/2026\/03\/20180707_171830-removebg-preview-225x300.png 225w, https:\/\/hidraulikakarovic.com\/wp-content\/uploads\/2026\/03\/20180707_171830-removebg-preview-9x12.png 9w\" sizes=\"auto, (max-width: 433px) 100vw, 433px\" \/><\/figure>\n\n\n\n<div class=\"wp-block-buttons has-ast-global-color-8-background-color has-background is-layout-flex wp-block-buttons-is-layout-flex\">\n<div class=\"wp-block-button\"><a class=\"wp-block-button__link has-vivid-red-background-color has-background wp-element-button\" href=\"https:\/\/hidraulikakarovic.com\/en\/prese-za-cedjenje-voca\/\">more details<\/a><\/div>\n<\/div>\n\n\n<div data-spectra-id=\"spectra-66ae5d66-5c1d-4f05-9c11-f8969f07dfb3\" style=\"display: flex; justify-content: center; \" class=\"wp-block-spectra-separator wp-block-spectra-separator\">\n\t<div class=\"spectra-separator-line\" style=\"margin-left: auto; margin-right: auto; background-color: currentColor; \"><\/div>\n<\/div>\n\n\n\n<h4 class=\"wp-block-heading has-white-color has-text-color has-link-color wp-elements-07625d14e9743d03215596603c04ca4f\">HAY AND CORNSTALK BALERS<\/h4>\n\n\n\n<p class=\"has-white-color has-text-color has-link-color wp-elements-ef28c91a265ff28611d44fae27023e18\">Hydraulic hay and cornstalk balers are intended for companies and agricultural farms engaged in packaging these materials as bedding and feed for pets such as rabbits, hamsters, and others.<\/p>\n\n\n\n<figure data-spectra-id=\"spectra-mmvuko4k-j607t3\" class=\"wp-block-image size-full is-resized\"><img loading=\"lazy\" decoding=\"async\" width=\"375\" height=\"666\" src=\"https:\/\/hidraulikakarovic.com\/wp-content\/uploads\/2026\/03\/3fb923a7-8dac-4fd5-a2d5-8fda80807368-removebg-preview.png\" alt=\"pakerice za seno i \u0161u\u0161ku\" class=\"wp-image-1655\" title=\"Na\u0161i proizvodi\" srcset=\"https:\/\/hidraulikakarovic.com\/wp-content\/uploads\/2026\/03\/3fb923a7-8dac-4fd5-a2d5-8fda80807368-removebg-preview.png 375w, https:\/\/hidraulikakarovic.com\/wp-content\/uploads\/2026\/03\/3fb923a7-8dac-4fd5-a2d5-8fda80807368-removebg-preview-169x300.png 169w, https:\/\/hidraulikakarovic.com\/wp-content\/uploads\/2026\/03\/3fb923a7-8dac-4fd5-a2d5-8fda80807368-removebg-preview-7x12.png 7w\" sizes=\"auto, (max-width: 375px) 100vw, 375px\" \/><\/figure>\n\n\n\n<div class=\"wp-block-buttons is-layout-flex wp-block-buttons-is-layout-flex\">\n<div class=\"wp-block-button\"><a class=\"wp-block-button__link has-white-color has-vivid-red-background-color has-text-color has-background has-link-color wp-element-button\" href=\"https:\/\/hidraulikakarovic.com\/en\/pakerice-za-seno-i-susku\/\">MORE DETAILS<\/a><\/div>\n<\/div>\n\n\n<div data-spectra-id=\"spectra-db1d7751-3006-43d4-89cc-2ebb58f79d35\" style=\"display: flex; justify-content: center; \" class=\"wp-block-spectra-separator wp-block-spectra-separator\">\n\t<div class=\"spectra-separator-line\" style=\"margin-left: auto; margin-right: auto; background-color: currentColor; \"><\/div>\n<\/div>\n\n\n\n<h4 class=\"wp-block-heading has-white-color has-text-color has-link-color wp-elements-575ebcfc86a34d41b7a9b3dfd53be366\">SCISSOR LIFTS<\/h4>\n\n\n\n<p class=\"has-white-color has-text-color has-link-color wp-elements-8ad7d201bb6c6d61ca02557017e67d06\">Scissor lifts represent a reliable and efficient solution for lifting people and loads to height in various industrial and service environments.<\/p>\n\n\n\n<figure data-spectra-id=\"spectra-mmvw8eyy-fkccpq\" class=\"wp-block-image size-full is-resized\"><img loading=\"lazy\" decoding=\"async\" width=\"433\" height=\"577\" src=\"https:\/\/hidraulikakarovic.com\/wp-content\/uploads\/2026\/03\/IMG_1682-removebg-preview.png\" alt=\"makazaste platforme\" class=\"wp-image-1657\" title=\"Na\u0161i proizvodi\" srcset=\"https:\/\/hidraulikakarovic.com\/wp-content\/uploads\/2026\/03\/IMG_1682-removebg-preview.png 433w, https:\/\/hidraulikakarovic.com\/wp-content\/uploads\/2026\/03\/IMG_1682-removebg-preview-225x300.png 225w, https:\/\/hidraulikakarovic.com\/wp-content\/uploads\/2026\/03\/IMG_1682-removebg-preview-9x12.png 9w\" sizes=\"auto, (max-width: 433px) 100vw, 433px\" \/><\/figure>\n\n\n\n<div class=\"wp-block-buttons is-layout-flex wp-block-buttons-is-layout-flex\">\n<div class=\"wp-block-button\"><a class=\"wp-block-button__link has-white-color has-vivid-red-background-color has-text-color has-background has-link-color wp-element-button\" href=\"https:\/\/hidraulikakarovic.com\/en\/makazaste-platforme\/\">MORE DETAILS<\/a><\/div>\n<\/div>\n\n\n<div data-spectra-id=\"spectra-177e1356-10a1-4d31-9858-4f2cc35fee15\" style=\"display: flex; justify-content: center; \" class=\"wp-block-spectra-separator wp-block-spectra-separator\">\n\t<div class=\"spectra-separator-line\" style=\"margin-left: auto; margin-right: auto; background-color: currentColor; \"><\/div>\n<\/div>\n\n\n\n<h4 class=\"wp-block-heading has-white-color has-text-color has-link-color wp-elements-811d1716ea2f64bdcf33d33a0c173ca4\">WORKSHOP PRESSES<\/h4>\n\n\n\n<p class=\"has-white-color has-text-color has-link-color wp-elements-5bab4633039c0e8a5c6f19368ea52db1\">Workshop presses represent essential and indispensable equipment in every workshop, service center, or production facility where pressing, straightening, assembly, or disassembly of various components is required.<\/p>\n\n\n\n<figure data-spectra-id=\"spectra-mmvwaqk5-b9c1os\" class=\"wp-block-image size-full is-resized\"><img loading=\"lazy\" decoding=\"async\" width=\"375\" height=\"666\" src=\"https:\/\/hidraulikakarovic.com\/wp-content\/uploads\/2026\/03\/442a769d-1951-42c3-9edf-6134320de47b-removebg-preview.png\" alt=\"radioni\u010dke prese\" class=\"wp-image-1659\" title=\"Na\u0161i proizvodi\" srcset=\"https:\/\/hidraulikakarovic.com\/wp-content\/uploads\/2026\/03\/442a769d-1951-42c3-9edf-6134320de47b-removebg-preview.png 375w, https:\/\/hidraulikakarovic.com\/wp-content\/uploads\/2026\/03\/442a769d-1951-42c3-9edf-6134320de47b-removebg-preview-169x300.png 169w, https:\/\/hidraulikakarovic.com\/wp-content\/uploads\/2026\/03\/442a769d-1951-42c3-9edf-6134320de47b-removebg-preview-7x12.png 7w\" sizes=\"auto, (max-width: 375px) 100vw, 375px\" \/><\/figure>\n\n\n\n<div class=\"wp-block-buttons is-layout-flex wp-block-buttons-is-layout-flex\">\n<div class=\"wp-block-button\"><a class=\"wp-block-button__link has-white-color has-vivid-red-background-color has-text-color has-background has-link-color wp-element-button\" href=\"https:\/\/hidraulikakarovic.com\/en\/radionicke-prese\/\">MORE DETAILS<\/a><\/div>\n<\/div>","protected":false},"excerpt":{"rendered":"<p>PROIZVODI Na\u0161 proizvodni program obuhvata hidrauli\u010dne prese za baliranje kartona i PET ambala\u017ee, sun\u0111era, tekstila, cepa\u010de za ogrevno drvo, hidrauli\u010dke agregate za razli\u010dite industrijske primene, prese za ce\u0111enje vo\u0107a kao i makazaste platforme. PRESE ZA BALIRANJE Hidrauli\u010dke prese namenjene baliranju kartonske ambala\u017ee u prodavnicama, skladi\u0161tima i recikla\u017enim centrima. Ma\u0161ine su robusne konstrukcije i prilago\u0111ene dugotrajnom [&hellip;]<\/p>\n","protected":false},"author":1,"featured_media":0,"parent":0,"menu_order":0,"comment_status":"closed","ping_status":"closed","template":"","meta":{"_uag_custom_page_level_css":"","site-sidebar-layout":"default","site-content-layout":"","ast-site-content-layout":"default","site-content-style":"default","site-sidebar-style":"default","ast-global-header-display":"","ast-banner-title-visibility":"","ast-main-header-display":"","ast-hfb-above-header-display":"","ast-hfb-below-header-display":"","ast-hfb-mobile-header-display":"","site-post-title":"disabled","ast-breadcrumbs-content":"","ast-featured-img":"","footer-sml-layout":"","ast-disable-related-posts":"","theme-transparent-header-meta":"","adv-header-id-meta":"","stick-header-meta":"","header-above-stick-meta":"","header-main-stick-meta":"","header-below-stick-meta":"","astra-migrate-meta-layouts":"set","ast-page-background-enabled":"default","ast-page-background-meta":{"desktop":{"background-color":"","background-image":"","background-repeat":"repeat","background-position":"center center","background-size":"auto","background-attachment":"scroll","background-type":"","background-media":"","overlay-type":"","overlay-color":"","overlay-opacity":"","overlay-gradient":""},"tablet":{"background-color":"","background-image":"","background-repeat":"repeat","background-position":"center center","background-size":"auto","background-attachment":"scroll","background-type":"","background-media":"","overlay-type":"","overlay-color":"","overlay-opacity":"","overlay-gradient":""},"mobile":{"background-color":"","background-image":"","background-repeat":"repeat","background-position":"center center","background-size":"auto","background-attachment":"scroll","background-type":"","background-media":"","overlay-type":"","overlay-color":"","overlay-opacity":"","overlay-gradient":""}},"ast-content-background-meta":{"desktop":{"background-color":"var(--ast-global-color-5)","background-image":"","background-repeat":"repeat","background-position":"center center","background-size":"auto","background-attachment":"scroll","background-type":"","background-media":"","overlay-type":"","overlay-color":"","overlay-opacity":"","overlay-gradient":""},"tablet":{"background-color":"var(--ast-global-color-5)","background-image":"","background-repeat":"repeat","background-position":"center center","background-size":"auto","background-attachment":"scroll","background-type":"","background-media":"","overlay-type":"","overlay-color":"","overlay-opacity":"","overlay-gradient":""},"mobile":{"background-color":"var(--ast-global-color-5)","background-image":"","background-repeat":"repeat","background-position":"center center","background-size":"auto","background-attachment":"scroll","background-type":"","background-media":"","overlay-type":"","overlay-color":"","overlay-opacity":"","overlay-gradient":""}},"footnotes":""},"class_list":["post-1291","page","type-page","status-publish","hentry"],"_hostinger_reach_plugin_has_subscription_block":false,"_hostinger_reach_plugin_is_elementor":false,"uagb_featured_image_src":{"full":false,"thumbnail":false,"medium":false,"medium_large":false,"large":false,"1536x1536":false,"2048x2048":false,"trp-custom-language-flag":false},"uagb_author_info":{"display_name":"jocanole02@gmail.com","author_link":"https:\/\/hidraulikakarovic.com\/en\/author\/jocanole02gmail-com\/"},"uagb_comment_info":0,"uagb_excerpt":"PROIZVODI Na\u0161 proizvodni program obuhvata hidrauli\u010dne prese za baliranje kartona i PET ambala\u017ee, sun\u0111era, tekstila, cepa\u010de za ogrevno drvo, hidrauli\u010dke agregate za razli\u010dite industrijske primene, prese za ce\u0111enje vo\u0107a kao i makazaste platforme. PRESE ZA BALIRANJE Hidrauli\u010dke prese namenjene baliranju kartonske ambala\u017ee u prodavnicama, skladi\u0161tima i recikla\u017enim centrima. Ma\u0161ine su robusne konstrukcije i prilago\u0111ene dugotrajnom&hellip;","_links":{"self":[{"href":"https:\/\/hidraulikakarovic.com\/en\/wp-json\/wp\/v2\/pages\/1291","targetHints":{"allow":["GET"]}}],"collection":[{"href":"https:\/\/hidraulikakarovic.com\/en\/wp-json\/wp\/v2\/pages"}],"about":[{"href":"https:\/\/hidraulikakarovic.com\/en\/wp-json\/wp\/v2\/types\/page"}],"author":[{"embeddable":true,"href":"https:\/\/hidraulikakarovic.com\/en\/wp-json\/wp\/v2\/users\/1"}],"replies":[{"embeddable":true,"href":"https:\/\/hidraulikakarovic.com\/en\/wp-json\/wp\/v2\/comments?post=1291"}],"version-history":[{"count":31,"href":"https:\/\/hidraulikakarovic.com\/en\/wp-json\/wp\/v2\/pages\/1291\/revisions"}],"predecessor-version":[{"id":1831,"href":"https:\/\/hidraulikakarovic.com\/en\/wp-json\/wp\/v2\/pages\/1291\/revisions\/1831"}],"wp:attachment":[{"href":"https:\/\/hidraulikakarovic.com\/en\/wp-json\/wp\/v2\/media?parent=1291"}],"curies":[{"name":"wp","href":"https:\/\/api.w.org\/{rel}","templated":true}]}}