{"id":1309,"date":"2026-03-04T12:05:47","date_gmt":"2026-03-04T12:05:47","guid":{"rendered":"https:\/\/chocolate-giraffe-524086.hostingersite.com\/?page_id=1309"},"modified":"2026-03-19T21:48:11","modified_gmt":"2026-03-19T21:48:11","slug":"kontakt","status":"publish","type":"page","link":"https:\/\/hidraulikakarovic.com\/en\/kontakt\/","title":{"rendered":"Kontaktirajte nas"},"content":{"rendered":"<h2 class=\"wp-block-heading\">Contact<\/h2>\n\n\n\n<div class=\"wp-block-group has-white-color has-text-color has-background has-link-color wp-elements-0f20f088e2620363b9980e428b92fffa is-layout-constrained wp-block-group-is-layout-constrained\" style=\"background-color:#2a2a2a\">\n<div class=\"wp-block-group is-layout-constrained wp-block-group-is-layout-constrained\">\n<p class=\"has-ast-global-color-7-color has-text-color has-link-color wp-elements-d071d4cbbde8ce1ff3a40ec5a2ed932a\">For all information, offers, and cooperation, feel free to contact us. Our team is at your disposal for any questions regarding hydraulic presses, power units, and other machines from our production.<\/p>\n\n\n\n<p class=\"has-ast-global-color-7-color has-text-color has-link-color wp-elements-8b1678fb1d644b054f870de59f40f6d8\">We respond as quickly as possible and strive to offer each customer the best solution.<\/p>\n\n\n\n<p class=\"has-ast-global-color-7-color has-text-color has-link-color wp-elements-2a896b0c071c784cab884fd7c57981d9\">Phone: +381 63 77 65 607<\/p>\n\n\n\n<p class=\"has-ast-global-color-7-color has-text-color has-link-color wp-elements-b412a3af52bf4e4d34453a5e923b52df\">Email: skhidras@yahoo.com<\/p>\n\n\n\n<p class=\"has-white-color has-text-color has-link-color wp-elements-3833b047c237b76759787291d042721f\">Address: Zlatna Potkovica 101, Novo Selo, Vrnja\u010dka Banja 36216<\/p>\n\n\n\n<div class=\"wp-block-buttons is-layout-flex wp-block-buttons-is-layout-flex\">\n<div class=\"wp-block-button\"><a class=\"wp-block-button__link has-vivid-red-background-color has-background wp-element-button\" href=\"tel:+381637765607\">Call us<\/a><\/div>\n\n\n\n<div class=\"wp-block-button\"><a class=\"wp-block-button__link has-vivid-red-background-color has-background wp-element-button\" href=\"mailto:skhidras@yahoo.com\">Send an email<\/a><\/div>\n<\/div>\n\n\n\t\t\t<div class=\"srfm-form-container srfm-form-container-1398 srfm-bg-color\">\n\t\t\t<style>\n\t\t\t\t\/* Need to check and remove the input variables related to the Style Tab. *\/\n\t\t\t\t.srfm-form-container-1398 {\n\t\t\t\t\t\/* New test variables *\/\n\t\t\t\t\t--srfm-color-scheme-primary: #c41414;\n\t\t\t\t\t--srfm-color-scheme-text-on-primary: #FFFFFF;\n\t\t\t\t\t--srfm-color-scheme-text: var(--ast-global-color-5);\n\t\t\t\t\t--srfm-quill-editor-color: #c41414;\n\n\t\t\t\t\t--srfm-color-input-label: var(--ast-global-color-5);\n\t\t\t\t\t--srfm-color-input-description: hsl( from var(--ast-global-color-5) h s l \/ 0.65 );\n\t\t\t\t\t--srfm-color-input-placeholder: hsl( from var(--ast-global-color-5) h s l \/ 0.5 );\n\t\t\t\t\t--srfm-color-input-text: var(--ast-global-color-5);\n\t\t\t\t\t--srfm-color-input-prefix: hsl( from var(--ast-global-color-5) h s l \/ 0.65 );\n\t\t\t\t\t--srfm-color-input-background: hsl( from var(--ast-global-color-5) h s l \/ 0.02 );\n\t\t\t\t\t--srfm-color-input-background-hover: hsl( from var(--ast-global-color-5) h s l \/ 0.05 );\n\t\t\t\t\t--srfm-color-input-background-disabled: hsl( from var(--ast-global-color-5) h s l \/ 0.07 );\n\t\t\t\t\t--srfm-color-input-border: hsl( from var(--ast-global-color-5) h s l \/ 0.25 );\n\t\t\t\t\t--srfm-color-input-border-disabled: hsl( from var(--ast-global-color-5) h s l \/ 0.15 );\n\t\t\t\t\t--srfm-color-multi-choice-svg: hsl( from var(--ast-global-color-5) h s l \/ 0.7 );\n\t\t\t\t\t--srfm-color-input-border-hover: hsl( from #c41414 h s l \/ 0.65 );\n\t\t\t\t\t--srfm-color-input-border-focus-glow: hsl( from #c41414 h s l \/ 0.15 );\n\t\t\t\t\t--srfm-color-input-selected: hsl( from #c41414 h s l \/ 0.1 );\n\t\t\t\t\t--srfm-btn-color-hover: hsl( from #c41414 h s l \/ 0.9 );\n\t\t\t\t\t--srfm-btn-color-disabled: hsl( from #c41414 h s l \/ 0.25 );\n\n\t\t\t\t\t\/* Dropdown Variables *\/\n\t\t\t\t\t--srfm-dropdown-input-background-hover: hsl( from var(--ast-global-color-5) h s l \/ 0.05 );\n\t\t\t\t\t--srfm-dropdown-option-background-hover: hsl( from var(--ast-global-color-5) h s l \/ 0.10 );\n\t\t\t\t\t--srfm-dropdown-option-background-selected: hsl( from var(--ast-global-color-5) h s l \/ 0.05 );\n\t\t\t\t\t--srfm-dropdown-option-selected-icon: hsl( from var(--ast-global-color-5) h s l \/ 0.65 );\n\t\t\t\t\t--srfm-dropdown-option-text-color: hsl( from var(--ast-global-color-5) h s l \/ 0.80 );\n\t\t\t\t\t--srfm-dropdown-option-selected-text: var(--ast-global-color-5);\n\t\t\t\t\t--srfm-dropdown-badge-background: hsl( from var(--ast-global-color-5) h s l \/ 0.05 );\n\t\t\t\t\t--srfm-dropdown-badge-background-hover: hsl( from var(--ast-global-color-5) h s l \/ 0.10 );\n\t\t\t\t\t--srfm-dropdown-menu-border-color: hsl( from var(--ast-global-color-5) h s l \/ 0.10 );\n\t\t\t\t\t--srfm-dropdown-placeholder-color: hsl( from var(--ast-global-color-5) h s l \/ 0.50 );\n\t\t\t\t\t--srfm-dropdown-icon-color: hsl( from var(--ast-global-color-5) h s l \/ 0.65 );\n\t\t\t\t\t--srfm-dropdown-icon-disabled: hsl( from var(--ast-global-color-5) h s l \/ 0.25 );\n\n\t\t\t\t\t\/* Background Control Variables *\/\n\t\t\t\t\t--srfm-instant-form-padding-top: 32px;--srfm-instant-form-padding-right: 32px;--srfm-instant-form-padding-bottom: 32px;--srfm-instant-form-padding-left: 32px;--srfm-instant-form-border-radius-top: 12px;--srfm-instant-form-border-radius-right: 12px;--srfm-instant-form-border-radius-bottom: 12px;--srfm-instant-form-border-radius-left: 12px;--srfm-form-padding-top: 0px;--srfm-form-padding-right: 0px;--srfm-form-padding-bottom: 0px;--srfm-form-padding-left: 0px;--srfm-form-border-radius-top: 0px;--srfm-form-border-radius-right: 0px;--srfm-form-border-radius-bottom: 0px;--srfm-form-border-radius-left: 0px;--srfm-bg-color: #0d0100;--srfm-bg-overlay-opacity: 1;\t\t\t\t\t--srfm-row-gap-between-blocks: 18px;--srfm-address-label-font-size: 16px;--srfm-address-label-line-height: 24px;--srfm-address-description-font-size: 14px;--srfm-address-description-line-height: 20px;--srfm-col-gap-between-fields: 16px;--srfm-row-gap-between-fields: 16px;--srfm-gap-below-address-label: 14px;--srfm-dropdown-font-size: 14px;--srfm-dropdown-gap-between-input-menu: 4px;--srfm-dropdown-badge-padding: 2px 6px;--srfm-dropdown-multiselect-font-size: 12px;--srfm-dropdown-multiselect-line-height: 16px;--srfm-dropdown-padding-right: 12px;--srfm-dropdown-padding-right-icon: calc( var( --srfm-dropdown-padding-right ) + 20px );--srfm-dropdown-multiselect-padding: 8px var( --srfm-dropdown-padding-right-icon ) 8px 8px;--srfm-input-height: 44px;--srfm-input-field-padding: 10px 12px;--srfm-input-field-font-size: 16px;--srfm-input-field-line-height: 24px;--srfm-input-field-margin-top: 6px;--srfm-input-field-margin-bottom: 6px;--srfm-checkbox-label-font-size: 16px;--srfm-checkbox-label-line-height: 24px;--srfm-checkbox-description-font-size: 14px;--srfm-checkbox-description-line-height: 20px;--srfm-check-ctn-width: 16px;--srfm-check-ctn-height: 16px;--srfm-check-svg-size: 10px;--srfm-checkbox-margin-top-frontend: 4px;--srfm-checkbox-margin-top-editor: 6px;--srfm-check-gap: 8px;--srfm-checkbox-description-margin-left: 24px;--srfm-flag-section-padding: 10px 0 10px 12px;--srfm-gap-between-icon-text: 8px;--srfm-label-font-size: 16px;--srfm-label-line-height: 24px;--srfm-description-font-size: 14px;--srfm-description-line-height: 20px;--srfm-btn-padding: 10px 14px;--srfm-btn-font-size: 16px;--srfm-btn-line-height: 24px;--srfm-multi-choice-horizontal-padding: 20px;--srfm-multi-choice-vertical-padding: 20px;--srfm-multi-choice-internal-option-gap: 8px;--srfm-multi-choice-vertical-svg-size: 40px;--srfm-multi-choice-horizontal-image-size: 24px;--srfm-multi-choice-vertical-image-size: 120px;--srfm-multi-choice-outer-padding: 2px;\t\t\t\t}\n\t\t\t<\/style>\n\t\t\t\t\t\t\t<form method=\"post\" enctype=\"multipart\/form-data\" id=\"srfm-form-1398\" class=\"srfm-form\"\n\t\t\t\tform-id=\"1398\" after-submission=\"hide form\" message-type=\"same page\" success-url=\"\" ajaxurl=\"https:\/\/hidraulikakarovic.com\/wp-admin\/admin-ajax.php\" data-submit-token=\"81d769dd0cc13de745e305132c022a94db363f2c90787dd3012974f294eb373b\" action=\"\"\n\t\t\t\t>\n\t\t\t\t\n\t\t\t\t<input type=\"hidden\" value=\"1398\" name=\"form-id\">\n\t\t\t\t<input type=\"hidden\" value=\"\" name=\"srfm-sender-email-field\" id=\"srfm-sender-email\">\n\t\t\t\t<input type=\"hidden\" value=\"\" id=\"srfm-page-break\">\n\t\t\t\t\t\t<p id=\"srfm-error-message\" class=\"srfm-common-error-message srfm-error-message srfm-head-error\" hidden>\t\t<span class=\"srfm-icon\" aria-hidden=\"true\">\n\t\t\t<svg xmlns='http:\/\/www.w3.org\/2000\/svg' width='20' height='20' fill='none'><path d='M9.99935 18.3327C14.6017 18.3327 18.3327 14.6017 18.3327 9.99935C18.3327 5.39698 14.6017 1.66602 9.99935 1.66602C5.39698 1.66602 1.66602 5.39698 1.66602 9.99935C1.66602 14.6017 5.39698 18.3327 9.99935 18.3327Z' stroke='currentColor' stroke-width='1.5' stroke-linecap='round' stroke-linejoin='round' \/><path d='M10 6.66602V9.99935' stroke='currentColor' stroke-width='1.5' stroke-linecap='round' stroke-linejoin='round' \/><path d='M10 13.334H10.0083' stroke='currentColor' stroke-width='1.5' stroke-linecap='round' stroke-linejoin='round' \/><\/svg>\t\t<\/span>\n\t\t<span class=\"srfm-error-content\">There was an error trying to submit your form. Please try again.<\/span><\/p>\n\t\t\t\t\t<div data-block-id=\"3c8615c6\" class=\"srfm-block-single srfm-block srfm-input-block srf-input-3c8615c6-block  srfm-block-width-100 srfm-slug-ime-i-prezime 1398\" >\n\t\t\t\t\t\t\t\t<label id=\"srfm-label-3c8615c6-lbl-SW1lIGkgcHJlemltZQ\" for=\"srfm-input-3c8615c6-lbl-SW1lIGkgcHJlemltZQ\" class=\"srfm-block-label\">\n\t\t\t\t\t\tFull Name\t\t\t\t\t\t\t\t\t\t\t<\/label>\n\t\t\t\t\t\t\t\t\t\t\t\t<div class=\"srfm-block-wrap\">\n\t\t\t\t<input class=\"srfm-input-common srfm-input-input\" type=\"text\" name=\"srfm-input-3c8615c6-lbl-SW1lIGkgcHJlemltZQ-ime-i-prezime\" id=\"srfm-input-3c8615c6-lbl-SW1lIGkgcHJlemltZQ\"\n\t\t\t\t\taria-describedby='srfm-error-3c8615c6'\t\t\t\t\tdata-required=\"false\" aria-required=\"false\" data-unique=\"false\" maxlength=\"100\" value=\"\"  data-srfm-mask=\"none\"   \/>\n\t\t\t\t<\/div>\n\t\t\t\t<div class=\"srfm-error-wrap\">\n\t\t\t\t\t\t\t\t\t\t<div class=\"srfm-error-message\" data-srfm-id=\"srfm-error-3c8615c6\" data-error-msg=\"This field is required.\" data-unique-msg=\"Value needs to be unique.\">\n\t\t\t\t\t\tThis field is required.\t\t\t\t\t<\/div>\n\t\t\t\t\t\t\t\t\t<\/div>\n\t\t\t<\/div>\n\t\t\n\n\t\t\t<div data-block-id=\"ad2c1033\" class=\"srfm-block-single srfm-block srfm-input-block srf-input-ad2c1033-block  srfm-block-width-100 srfm-slug-naziv-firme 1398\" >\n\t\t\t\t\t\t\t\t<label id=\"srfm-label-ad2c1033-lbl-TmF6aXYgZmlybWU\" for=\"srfm-input-ad2c1033-lbl-TmF6aXYgZmlybWU\" class=\"srfm-block-label\">\n\t\t\t\t\t\tCompany Name\t\t\t\t\t\t\t\t\t\t\t<\/label>\n\t\t\t\t\t\t\t\t\t\t\t\t<div class=\"srfm-block-wrap\">\n\t\t\t\t<input class=\"srfm-input-common srfm-input-input\" type=\"text\" name=\"srfm-input-ad2c1033-lbl-TmF6aXYgZmlybWU-naziv-firme\" id=\"srfm-input-ad2c1033-lbl-TmF6aXYgZmlybWU\"\n\t\t\t\t\taria-describedby='srfm-error-ad2c1033'\t\t\t\t\tdata-required=\"false\" aria-required=\"false\" data-unique=\"false\" maxlength=\"100\" value=\"\"  data-srfm-mask=\"none\"   \/>\n\t\t\t\t<\/div>\n\t\t\t\t<div class=\"srfm-error-wrap\">\n\t\t\t\t\t\t\t\t\t\t<div class=\"srfm-error-message\" data-srfm-id=\"srfm-error-ad2c1033\" data-error-msg=\"This field is required.\" data-unique-msg=\"Value needs to be unique.\">\n\t\t\t\t\t\tThis field is required.\t\t\t\t\t<\/div>\n\t\t\t\t\t\t\t\t\t<\/div>\n\t\t\t<\/div>\n\t\t\n\n\t\t\t<div data-block-id=\"00fe2838\" class=\"srfm-block-single srfm-block srfm-email-block srf-email-00fe2838-block  srfm-block-width-100 srfm-slug-srfm-email 1398 srfm-email-block-wrap\">\n\t\t\t\t<div class=\"srfm-email-block srf-email-00fe2838-block\">\n\t\t\t\t\t\t\t\t\t\t<label id=\"srfm-label-00fe2838-lbl-RW1haWw\" for=\"srfm-email-00fe2838-lbl-RW1haWw\" class=\"srfm-block-label\">\n\t\t\t\t\t\tEmail\t\t\t\t\t\t\t\t\t\t\t<\/label>\n\t\t\t\t\t\t\t\t\t\t\t\t\t\t\t<div class=\"srfm-block-wrap\">\n\t\t\t\t\t\t<input class=\"srfm-input-common srfm-input-email\" type=\"email\" name=\"srfm-email-00fe2838-lbl-RW1haWw-srfm-email\" id=\"srfm-email-00fe2838-lbl-RW1haWw\"\n\t\t\t\t\t\taria-describedby='srfm-error-00fe2838'\t\t\t\t\t\tdata-required=\"false\" aria-required=\"false\" data-unique=\"false\" value=\"\"   \/>\n\t\t\t\t\t<\/div>\n\t\t\t\t\t<div class=\"srfm-error-wrap\">\n\t\t\t\t\t\t\t\t\t\t\t<div class=\"srfm-error-message\" data-srfm-id=\"srfm-error-00fe2838\" data-error-msg=\"This field is required.\" data-unique-msg=\"Value needs to be unique.\">\n\t\t\t\t\t\tThis field is required.\t\t\t\t\t<\/div>\n\t\t\t\t\t\t\t\t\t\t<\/div>\n\t\t\t\t<\/div>\n\t\t\t\t\t\t\t<\/div>\n\t\t\n\n\t\t\t<div data-block-id=\"b1a06d25\" class=\"srfm-block-single srfm-block srfm-input-block srf-input-b1a06d25-block  srfm-block-width-100 srfm-slug-telefon 1398\" >\n\t\t\t\t\t\t\t\t<label id=\"srfm-label-b1a06d25-lbl-VGVsZWZvbg\" for=\"srfm-input-b1a06d25-lbl-VGVsZWZvbg\" class=\"srfm-block-label\">\n\t\t\t\t\t\tPhone\t\t\t\t\t\t\t\t\t\t\t<\/label>\n\t\t\t\t\t\t\t\t\t\t\t\t<div class=\"srfm-block-wrap\">\n\t\t\t\t<input class=\"srfm-input-common srfm-input-input\" type=\"text\" name=\"srfm-input-b1a06d25-lbl-VGVsZWZvbg-telefon\" id=\"srfm-input-b1a06d25-lbl-VGVsZWZvbg\"\n\t\t\t\t\taria-describedby='srfm-error-b1a06d25'\t\t\t\t\tdata-required=\"false\" aria-required=\"false\" data-unique=\"false\" maxlength=\"100\" value=\"\"  data-srfm-mask=\"none\"   \/>\n\t\t\t\t<\/div>\n\t\t\t\t<div class=\"srfm-error-wrap\">\n\t\t\t\t\t\t\t\t\t\t<div class=\"srfm-error-message\" data-srfm-id=\"srfm-error-b1a06d25\" data-error-msg=\"This field is required.\" data-unique-msg=\"Value needs to be unique.\">\n\t\t\t\t\t\tThis field is required.\t\t\t\t\t<\/div>\n\t\t\t\t\t\t\t\t\t<\/div>\n\t\t\t<\/div>\n\t\t\n\n\t\t<div data-block-id=\"515cf7c8\" class=\"srfm-block-single srfm-block srfm-textarea-block srf-textarea-515cf7c8-block  srfm-block-width-100 1398\">\n\t\t\t\t\t\t\t\t<label id=\"srfm-label-515cf7c8-lbl-VmHFoWUgcGl0YW5qZQ-7876\" for=\"srfm-textarea-515cf7c8-lbl-VmHFoWUgcGl0YW5qZQ-7876\" class=\"srfm-block-label\">\n\t\t\t\t\t\tYour Question\t\t\t\t\t\t\t\t\t\t\t<\/label>\n\t\t\t\t\t\t\t\t\t\t\t<div class=\"srfm-block-wrap\">\n\t\t\t\t<textarea\n\t\t\t\t\tclass=\"srfm-input-common srfm-input-textarea\"\n\t\t\t\t\tname=\"srfm-textarea-515cf7c8-lbl-VmHFoWUgcGl0YW5qZQ-vase-pitanje\"\n\t\t\t\t\tid=\"srfm-textarea-515cf7c8-lbl-VmHFoWUgcGl0YW5qZQ-7876\"\n\t\t\t\t\taria-describedby='srfm-error-515cf7c8'\t\t\t\t\tdata-required=\"false\" aria-required=\"false\"  rows=\"4\"  \t\t\t\t\t\t\t\t\t\t\t\t\t\t\t><\/textarea>\n\t\t\t\t\t\t\t<\/div>\n\t\t\t<div class=\"srfm-error-wrap\">\n\t\t\t\t\t\t\t<\/div>\n\t\t<\/div>\n\n\t\t\t\t\t\t\t\n\t\t\t\t\t\n\t\t\t\t\t<div class=\"srfm-submit-container\" style=\"\">\n\t\t\t\t\t\t<div style=\"width: ; text-align: center\" class=\"wp-block-button\">\n\t\t\t\t\t\t\t\t\t\t\t\t\t\t\t\t\t\t\t<button style=\"\" id=\"srfm-submit-btn\" class=\"srfm-btn-frontend srfm-button srfm-submit-button\"\n\t\t\t\t\t\t\t\t\t\t\t\t\t\t>\n\t\t\t\t\t\t\t\t<div class=\"srfm-submit-wrap\">\n\t\t\t\t\t\t\t\t\tSEND AN INQUIRY\t\t\t\t\t\t\t\t<div class=\"srfm-loader\"><\/div>\n\t\t\t\t\t\t\t\t<\/div>\n\t\t\t\t\t\t\t<\/button>\n\t\t\t\t\t\t\t\t\t\t\t\t\t\t\t\t\t\t<\/div>\n\t\t\t\t\t<\/div>\n\t\t\t\t\t\t\t<p id=\"srfm-error-message\" class=\"srfm-common-error-message srfm-error-message srfm-footer-error\" hidden>\t\t<span class=\"srfm-icon\" aria-hidden=\"true\">\n\t\t\t<svg xmlns='http:\/\/www.w3.org\/2000\/svg' width='20' height='20' fill='none'><path d='M9.99935 18.3327C14.6017 18.3327 18.3327 14.6017 18.3327 9.99935C18.3327 5.39698 14.6017 1.66602 9.99935 1.66602C5.39698 1.66602 1.66602 5.39698 1.66602 9.99935C1.66602 14.6017 5.39698 18.3327 9.99935 18.3327Z' stroke='currentColor' stroke-width='1.5' stroke-linecap='round' stroke-linejoin='round' \/><path d='M10 6.66602V9.99935' stroke='currentColor' stroke-width='1.5' stroke-linecap='round' stroke-linejoin='round' \/><path d='M10 13.334H10.0083' stroke='currentColor' stroke-width='1.5' stroke-linecap='round' stroke-linejoin='round' \/><\/svg>\t\t<\/span>\n\t\t<span class=\"srfm-error-content\">There was an error trying to submit your form. Please try again.<\/span><\/p>\n\t\t\t\t\t<input type=\"hidden\" name=\"trp-form-language\" value=\"en\"\/><\/form>\n\t\t\t<div class=\"srfm-single-form srfm-success-box in-page\">\n\t\t\t\t<div aria-live=\"polite\" aria-atomic=\"true\" role=\"alert\" id=\"srfm-success-message-page-1398\" class=\"srfm-success-box-description\"><\/div>\n\t\t\t<\/div>\n\t\t\t\t\t\t<\/div>\n\t\t<\/div>\n<\/div>\n\n\n<div data-spectra-id=\"spectra-mmnptnzj-7mb2wn\" class=\"spectra-google-map wp-block-spectra-google-map\">\n\t<embed\n\t\tclass=\"spectra-google-map__iframe\"\n\t\ttitle=\"Google Map for hidraulika karovic\"\n\t\tsrc=\"https:\/\/maps.google.com\/maps?q=hidraulika+karovic&#038;z=15&#038;hl=en&#038;t=m&#038;output=embed&#038;iwloc=near\"\n\t\twidth=\"100%\"\n\t\theight=\"100%\"\n\t\tstyle=\"border: 0;\"\n\t\tallowfullscreen=\"\"\n\t\tloading=\"lazy\"\n\t\treferrerpolicy=\"no-referrer-when-downgrade\"\n\t><\/embed>\n<\/div>\n\n\n\n<p>Call us and get a quick quote for hydraulic presses and equipment.<\/p>","protected":false},"excerpt":{"rendered":"<p>KONTAKT Za sve informacije, ponude i saradnju slobodno nas kontaktirajte. Na\u0161 tim Vam stoji na raspolaganju za sva pitanja u vezi hidrauli\u010dnih presa, agregata i drugih ma\u0161ina iz na\u0161e proizvodnje. Odgovaramo u najkra\u0107em mogu\u0107em roku i trudimo se da svakom kupcu ponudimo najbolje re\u0161enje. Telefon: +381 63 77 65 607 Email: skhidras@yahoo.com Adresa: Zlatna Potkovica [&hellip;]<\/p>\n","protected":false},"author":1,"featured_media":0,"parent":0,"menu_order":0,"comment_status":"closed","ping_status":"closed","template":"","meta":{"_uag_custom_page_level_css":"","site-sidebar-layout":"default","site-content-layout":"","ast-site-content-layout":"default","site-content-style":"default","site-sidebar-style":"default","ast-global-header-display":"","ast-banner-title-visibility":"","ast-main-header-display":"","ast-hfb-above-header-display":"","ast-hfb-below-header-display":"","ast-hfb-mobile-header-display":"","site-post-title":"disabled","ast-breadcrumbs-content":"","ast-featured-img":"","footer-sml-layout":"","ast-disable-related-posts":"","theme-transparent-header-meta":"","adv-header-id-meta":"","stick-header-meta":"","header-above-stick-meta":"","header-main-stick-meta":"","header-below-stick-meta":"","astra-migrate-meta-layouts":"set","ast-page-background-enabled":"default","ast-page-background-meta":{"desktop":{"background-color":"","background-image":"","background-repeat":"repeat","background-position":"center center","background-size":"auto","background-attachment":"scroll","background-type":"","background-media":"","overlay-type":"","overlay-color":"","overlay-opacity":"","overlay-gradient":""},"tablet":{"background-color":"","background-image":"","background-repeat":"repeat","background-position":"center center","background-size":"auto","background-attachment":"scroll","background-type":"","background-media":"","overlay-type":"","overlay-color":"","overlay-opacity":"","overlay-gradient":""},"mobile":{"background-color":"","background-image":"","background-repeat":"repeat","background-position":"center center","background-size":"auto","background-attachment":"scroll","background-type":"","background-media":"","overlay-type":"","overlay-color":"","overlay-opacity":"","overlay-gradient":""}},"ast-content-background-meta":{"desktop":{"background-color":"var(--ast-global-color-5)","background-image":"","background-repeat":"repeat","background-position":"center center","background-size":"auto","background-attachment":"scroll","background-type":"","background-media":"","overlay-type":"","overlay-color":"","overlay-opacity":"","overlay-gradient":""},"tablet":{"background-color":"var(--ast-global-color-5)","background-image":"","background-repeat":"repeat","background-position":"center center","background-size":"auto","background-attachment":"scroll","background-type":"","background-media":"","overlay-type":"","overlay-color":"","overlay-opacity":"","overlay-gradient":""},"mobile":{"background-color":"var(--ast-global-color-5)","background-image":"","background-repeat":"repeat","background-position":"center center","background-size":"auto","background-attachment":"scroll","background-type":"","background-media":"","overlay-type":"","overlay-color":"","overlay-opacity":"","overlay-gradient":""}},"footnotes":""},"class_list":["post-1309","page","type-page","status-publish","hentry"],"_hostinger_reach_plugin_has_subscription_block":false,"_hostinger_reach_plugin_is_elementor":false,"uagb_featured_image_src":{"full":false,"thumbnail":false,"medium":false,"medium_large":false,"large":false,"1536x1536":false,"2048x2048":false,"trp-custom-language-flag":false},"uagb_author_info":{"display_name":"jocanole02@gmail.com","author_link":"https:\/\/hidraulikakarovic.com\/en\/author\/jocanole02gmail-com\/"},"uagb_comment_info":0,"uagb_excerpt":"KONTAKT Za sve informacije, ponude i saradnju slobodno nas kontaktirajte. Na\u0161 tim Vam stoji na raspolaganju za sva pitanja u vezi hidrauli\u010dnih presa, agregata i drugih ma\u0161ina iz na\u0161e proizvodnje. Odgovaramo u najkra\u0107em mogu\u0107em roku i trudimo se da svakom kupcu ponudimo najbolje re\u0161enje. Telefon: +381 63 77 65 607 Email: skhidras@yahoo.com Adresa: Zlatna Potkovica&hellip;","_links":{"self":[{"href":"https:\/\/hidraulikakarovic.com\/en\/wp-json\/wp\/v2\/pages\/1309","targetHints":{"allow":["GET"]}}],"collection":[{"href":"https:\/\/hidraulikakarovic.com\/en\/wp-json\/wp\/v2\/pages"}],"about":[{"href":"https:\/\/hidraulikakarovic.com\/en\/wp-json\/wp\/v2\/types\/page"}],"author":[{"embeddable":true,"href":"https:\/\/hidraulikakarovic.com\/en\/wp-json\/wp\/v2\/users\/1"}],"replies":[{"embeddable":true,"href":"https:\/\/hidraulikakarovic.com\/en\/wp-json\/wp\/v2\/comments?post=1309"}],"version-history":[{"count":15,"href":"https:\/\/hidraulikakarovic.com\/en\/wp-json\/wp\/v2\/pages\/1309\/revisions"}],"predecessor-version":[{"id":1832,"href":"https:\/\/hidraulikakarovic.com\/en\/wp-json\/wp\/v2\/pages\/1309\/revisions\/1832"}],"wp:attachment":[{"href":"https:\/\/hidraulikakarovic.com\/en\/wp-json\/wp\/v2\/media?parent=1309"}],"curies":[{"name":"wp","href":"https:\/\/api.w.org\/{rel}","templated":true}]}}