{"id":1364,"date":"2026-03-05T19:24:11","date_gmt":"2026-03-05T19:24:11","guid":{"rendered":"https:\/\/chocolate-giraffe-524086.hostingersite.com\/?page_id=1364"},"modified":"2026-03-23T16:45:46","modified_gmt":"2026-03-23T16:45:46","slug":"presa-za-baliranje-kartona-pet-ambalaze","status":"publish","type":"page","link":"https:\/\/hidraulikakarovic.com\/en\/presa-za-baliranje-kartona-pet-ambalaze\/","title":{"rendered":"Presa za baliranje kartona i PET ambala\u017ee"},"content":{"rendered":"<h2 class=\"wp-block-heading\"><strong>BALING PRESSES<\/strong><\/h2>\n\n\n\n<p>Hydraulic baling presses represent an ideal solution for efficient compaction and significant volume reduction of packaging waste such as cardboard, paper, PET packaging, plastic, and film. Their use enables better organization of the workspace, easier handling and storage of waste, as well as a substantial reduction in transportation and disposal costs. By forming compact bales, greater clarity and efficiency are achieved in daily operations, especially in environments where large amounts of waste are generated.<\/p>\n\n\n\n<p>In our company <strong><a href=\"https:\/\/hidraulikakarovic.com\/en\/\" data-type=\"page\" data-id=\"494\">Hidraulika Karovi\u0107<\/a><\/strong> we manufacture presses designed for long-lasting, stable, and reliable operation, even in demanding working conditions. Our machines are characterized by robust construction, high-quality finishing, and the use of proven hydraulic components that ensure a high level of performance and operational safety.<\/p>\n\n\n\n<p>We pay special attention to every detail \u2013 from material selection and structural design to functionality and ease of operation. Our goal is to provide users with maximum efficiency, minimal maintenance, and a long machine lifespan.<\/p>\n\n\n\n<p>In addition to standard solutions, we also offer the possibility of customizing presses according to specific customer requirements, ensuring that each machine fully matches the working process, type of material, and volume of waste being processed. Our baling presses are tailored to customer needs.<\/p>\n\n\n\n<h2 class=\"wp-block-heading\">Advantages of hydraulic baling presses<\/h2>\n\n\n\n<ul class=\"wp-block-list\">\n<li>Reduction of waste volume<\/li>\n\n\n\n<li>Easier storage and transport<\/li>\n\n\n\n<li>Space saving<\/li>\n\n\n\n<li>Long machine service life<\/li>\n\n\n\n<li>Easy operation<\/li>\n<\/ul>\n\n\n\n<h2 class=\"wp-block-heading\">Where baling presses are used<\/h2>\n\n\n\n<p>Baling presses are used in stores, warehouses, logistics centers, and industry where there is a need to reduce waste volume. Each baling press enables easier material handling and space optimization.<\/p>\n\n\n\n<div class=\"wp-block-columns is-layout-flex wp-container-core-columns-is-layout-28f84493 wp-block-columns-is-layout-flex\">\n<div class=\"wp-block-column is-layout-flow wp-block-column-is-layout-flow\">\n<figure data-spectra-id=\"spectra-mmuv1t0j-vlmfu4\" class=\"wp-block-image size-full\"><img loading=\"lazy\" decoding=\"async\" width=\"433\" height=\"577\" src=\"https:\/\/hidraulikakarovic.com\/wp-content\/uploads\/2026\/03\/WhatsApp_Image_2026-03-13_at_21.28.57-removebg-preview.png\" alt=\"presa za baliranje\" class=\"wp-image-1494\" title=\"Presa za baliranje kartona i PET ambala\u017ee\" srcset=\"https:\/\/hidraulikakarovic.com\/wp-content\/uploads\/2026\/03\/WhatsApp_Image_2026-03-13_at_21.28.57-removebg-preview.png 433w, https:\/\/hidraulikakarovic.com\/wp-content\/uploads\/2026\/03\/WhatsApp_Image_2026-03-13_at_21.28.57-removebg-preview-225x300.png 225w, https:\/\/hidraulikakarovic.com\/wp-content\/uploads\/2026\/03\/WhatsApp_Image_2026-03-13_at_21.28.57-removebg-preview-9x12.png 9w\" sizes=\"auto, (max-width: 433px) 100vw, 433px\" \/><\/figure>\n\n\n\n<figure data-spectra-id=\"spectra-mmuv7jfc-ix8rhx\" class=\"wp-block-image size-full\"><img loading=\"lazy\" decoding=\"async\" width=\"375\" height=\"666\" src=\"https:\/\/hidraulikakarovic.com\/wp-content\/uploads\/2026\/03\/presa-removebg-preview.png\" alt=\"presa za baliranje\" class=\"wp-image-1497\" title=\"Presa za baliranje kartona i PET ambala\u017ee\" srcset=\"https:\/\/hidraulikakarovic.com\/wp-content\/uploads\/2026\/03\/presa-removebg-preview.png 375w, https:\/\/hidraulikakarovic.com\/wp-content\/uploads\/2026\/03\/presa-removebg-preview-169x300.png 169w, https:\/\/hidraulikakarovic.com\/wp-content\/uploads\/2026\/03\/presa-removebg-preview-7x12.png 7w\" sizes=\"auto, (max-width: 375px) 100vw, 375px\" \/><\/figure>\n\n\n\n<figure data-spectra-id=\"spectra-mmuvc05l-aew0f1\" class=\"wp-block-image size-full\"><img loading=\"lazy\" decoding=\"async\" width=\"375\" height=\"666\" src=\"https:\/\/hidraulikakarovic.com\/wp-content\/uploads\/2026\/03\/WhatsApp_Image_2026-03-13_at_21.27.51-removebg-preview.png\" alt=\"presa za baliranje\" class=\"wp-image-1500\" title=\"Presa za baliranje kartona i PET ambala\u017ee\" srcset=\"https:\/\/hidraulikakarovic.com\/wp-content\/uploads\/2026\/03\/WhatsApp_Image_2026-03-13_at_21.27.51-removebg-preview.png 375w, https:\/\/hidraulikakarovic.com\/wp-content\/uploads\/2026\/03\/WhatsApp_Image_2026-03-13_at_21.27.51-removebg-preview-169x300.png 169w, https:\/\/hidraulikakarovic.com\/wp-content\/uploads\/2026\/03\/WhatsApp_Image_2026-03-13_at_21.27.51-removebg-preview-7x12.png 7w\" sizes=\"auto, (max-width: 375px) 100vw, 375px\" \/><\/figure>\n<\/div>\n\n\n\n<div class=\"wp-block-column is-layout-flow wp-block-column-is-layout-flow\">\n<figure data-spectra-id=\"spectra-mmuv3zi3-db277j\" class=\"wp-block-image size-full\"><img loading=\"lazy\" decoding=\"async\" width=\"375\" height=\"666\" src=\"https:\/\/hidraulikakarovic.com\/wp-content\/uploads\/2026\/03\/WhatsApp_Image_2026-03-13_at_21.28.12-removebg-preview.png\" alt=\"presa za baliranje\" class=\"wp-image-1495\" title=\"Presa za baliranje kartona i PET ambala\u017ee\" srcset=\"https:\/\/hidraulikakarovic.com\/wp-content\/uploads\/2026\/03\/WhatsApp_Image_2026-03-13_at_21.28.12-removebg-preview.png 375w, https:\/\/hidraulikakarovic.com\/wp-content\/uploads\/2026\/03\/WhatsApp_Image_2026-03-13_at_21.28.12-removebg-preview-169x300.png 169w, https:\/\/hidraulikakarovic.com\/wp-content\/uploads\/2026\/03\/WhatsApp_Image_2026-03-13_at_21.28.12-removebg-preview-7x12.png 7w\" sizes=\"auto, (max-width: 375px) 100vw, 375px\" \/><\/figure>\n\n\n\n<figure data-spectra-id=\"spectra-mmuv8ppz-2cys6t\" class=\"wp-block-image size-full\"><img loading=\"lazy\" decoding=\"async\" width=\"531\" height=\"470\" src=\"https:\/\/hidraulikakarovic.com\/wp-content\/uploads\/2026\/03\/WhatsApp_Image_2026-03-13_at_21.11.44__5_-removebg-preview.png\" alt=\"presa za baliranje\" class=\"wp-image-1498\" title=\"Presa za baliranje kartona i PET ambala\u017ee\" srcset=\"https:\/\/hidraulikakarovic.com\/wp-content\/uploads\/2026\/03\/WhatsApp_Image_2026-03-13_at_21.11.44__5_-removebg-preview.png 531w, https:\/\/hidraulikakarovic.com\/wp-content\/uploads\/2026\/03\/WhatsApp_Image_2026-03-13_at_21.11.44__5_-removebg-preview-300x266.png 300w, https:\/\/hidraulikakarovic.com\/wp-content\/uploads\/2026\/03\/WhatsApp_Image_2026-03-13_at_21.11.44__5_-removebg-preview-14x12.png 14w\" sizes=\"auto, (max-width: 531px) 100vw, 531px\" \/><\/figure>\n\n\n\n<figure data-spectra-id=\"spectra-mmuvf4nd-y32sx4\" class=\"wp-block-image size-full\"><img loading=\"lazy\" decoding=\"async\" width=\"433\" height=\"577\" src=\"https:\/\/hidraulikakarovic.com\/wp-content\/uploads\/2026\/03\/WhatsApp_Image_2026-03-13_at_21.27.57-removebg-preview.png\" alt=\"presa za baliranje\" class=\"wp-image-1501\" title=\"Presa za baliranje kartona i PET ambala\u017ee\" srcset=\"https:\/\/hidraulikakarovic.com\/wp-content\/uploads\/2026\/03\/WhatsApp_Image_2026-03-13_at_21.27.57-removebg-preview.png 433w, https:\/\/hidraulikakarovic.com\/wp-content\/uploads\/2026\/03\/WhatsApp_Image_2026-03-13_at_21.27.57-removebg-preview-225x300.png 225w, https:\/\/hidraulikakarovic.com\/wp-content\/uploads\/2026\/03\/WhatsApp_Image_2026-03-13_at_21.27.57-removebg-preview-9x12.png 9w\" sizes=\"auto, (max-width: 433px) 100vw, 433px\" \/><\/figure>\n\n\n\n<figure data-spectra-id=\"spectra-mmzahmz8-58gprr\" class=\"wp-block-image size-full\"><img loading=\"lazy\" decoding=\"async\" width=\"375\" height=\"666\" src=\"https:\/\/hidraulikakarovic.com\/wp-content\/uploads\/2026\/03\/WhatsApp_Image_2026-03-20_at_20.13.02-removebg-preview-1.png\" alt=\"presa za BIG BAG vre\u0107e\" class=\"wp-image-1837\" title=\"Presa za baliranje kartona i PET ambala\u017ee\" srcset=\"https:\/\/hidraulikakarovic.com\/wp-content\/uploads\/2026\/03\/WhatsApp_Image_2026-03-20_at_20.13.02-removebg-preview-1.png 375w, https:\/\/hidraulikakarovic.com\/wp-content\/uploads\/2026\/03\/WhatsApp_Image_2026-03-20_at_20.13.02-removebg-preview-1-169x300.png 169w, https:\/\/hidraulikakarovic.com\/wp-content\/uploads\/2026\/03\/WhatsApp_Image_2026-03-20_at_20.13.02-removebg-preview-1-7x12.png 7w\" sizes=\"auto, (max-width: 375px) 100vw, 375px\" \/><\/figure>\n<\/div>\n\n\n\n<div class=\"wp-block-column is-layout-flow wp-block-column-is-layout-flow\">\n<figure data-spectra-id=\"spectra-mmuv5gp9-n7yu65\" class=\"wp-block-image size-full\"><img loading=\"lazy\" decoding=\"async\" width=\"332\" height=\"752\" src=\"https:\/\/hidraulikakarovic.com\/wp-content\/uploads\/2026\/03\/WhatsApp_Image_2026-03-13_at_21.27.55__1_-removebg-preview.png\" alt=\"presa za baliranje\" class=\"wp-image-1496\" title=\"Presa za baliranje kartona i PET ambala\u017ee\" srcset=\"https:\/\/hidraulikakarovic.com\/wp-content\/uploads\/2026\/03\/WhatsApp_Image_2026-03-13_at_21.27.55__1_-removebg-preview.png 332w, https:\/\/hidraulikakarovic.com\/wp-content\/uploads\/2026\/03\/WhatsApp_Image_2026-03-13_at_21.27.55__1_-removebg-preview-132x300.png 132w, https:\/\/hidraulikakarovic.com\/wp-content\/uploads\/2026\/03\/WhatsApp_Image_2026-03-13_at_21.27.55__1_-removebg-preview-5x12.png 5w\" sizes=\"auto, (max-width: 332px) 100vw, 332px\" \/><\/figure>\n\n\n\n<figure data-spectra-id=\"spectra-mmuv9xas-8rtqdl\" class=\"wp-block-image size-full\"><img loading=\"lazy\" decoding=\"async\" width=\"433\" height=\"577\" src=\"https:\/\/hidraulikakarovic.com\/wp-content\/uploads\/2026\/03\/WhatsApp_Image_2026-03-13_at_21.11.01-removebg-preview.png\" alt=\"presa za baliranje\" class=\"wp-image-1499\" title=\"Presa za baliranje kartona i PET ambala\u017ee\" srcset=\"https:\/\/hidraulikakarovic.com\/wp-content\/uploads\/2026\/03\/WhatsApp_Image_2026-03-13_at_21.11.01-removebg-preview.png 433w, https:\/\/hidraulikakarovic.com\/wp-content\/uploads\/2026\/03\/WhatsApp_Image_2026-03-13_at_21.11.01-removebg-preview-225x300.png 225w, https:\/\/hidraulikakarovic.com\/wp-content\/uploads\/2026\/03\/WhatsApp_Image_2026-03-13_at_21.11.01-removebg-preview-9x12.png 9w\" sizes=\"auto, (max-width: 433px) 100vw, 433px\" \/><\/figure>\n\n\n\n<figure data-spectra-id=\"spectra-mmuvgzp5-nbtmdi\" class=\"wp-block-image size-full\"><img loading=\"lazy\" decoding=\"async\" width=\"433\" height=\"577\" src=\"https:\/\/hidraulikakarovic.com\/wp-content\/uploads\/2026\/03\/WhatsApp_Image_2026-03-13_at_21.28.52-removebg-preview.png\" alt=\"presa za baliranje\" class=\"wp-image-1502\" title=\"Presa za baliranje kartona i PET ambala\u017ee\" srcset=\"https:\/\/hidraulikakarovic.com\/wp-content\/uploads\/2026\/03\/WhatsApp_Image_2026-03-13_at_21.28.52-removebg-preview.png 433w, https:\/\/hidraulikakarovic.com\/wp-content\/uploads\/2026\/03\/WhatsApp_Image_2026-03-13_at_21.28.52-removebg-preview-225x300.png 225w, https:\/\/hidraulikakarovic.com\/wp-content\/uploads\/2026\/03\/WhatsApp_Image_2026-03-13_at_21.28.52-removebg-preview-9x12.png 9w\" sizes=\"auto, (max-width: 433px) 100vw, 433px\" \/><\/figure>\n<\/div>\n<\/div>\n\n\n\n<div class=\"wp-block-buttons is-layout-flex wp-block-buttons-is-layout-flex\">\n<div class=\"wp-block-button\"><a class=\"wp-block-button__link has-vivid-red-background-color has-background wp-element-button\" href=\"https:\/\/hidraulikakarovic.com\/en\/kontakt\/\">SEND AN INQUIRY<\/a><\/div>\n<\/div>","protected":false},"excerpt":{"rendered":"<p>PRESE ZA BALIRANJE Hidrauli\u010dke prese za baliranje predstavljaju idealno re\u0161enje za efikasno sabijanje i zna\u010dajno smanjenje zapremine ambala\u017enog otpada kao \u0161to su karton, papir, PET ambala\u017ea, plastika i folija. Njihova primena omogu\u0107ava bolje organizovanje radnog prostora, lak\u0161e rukovanje i skladi\u0161tenje otpada, kao i znatno smanjenje tro\u0161kova transporta i daljeg zbrinjavanja. Formiranjem kompaktnih bala posti\u017ee se [&hellip;]<\/p>\n","protected":false},"author":1,"featured_media":0,"parent":0,"menu_order":0,"comment_status":"closed","ping_status":"closed","template":"","meta":{"_uag_custom_page_level_css":"","site-sidebar-layout":"default","site-content-layout":"","ast-site-content-layout":"default","site-content-style":"default","site-sidebar-style":"default","ast-global-header-display":"","ast-banner-title-visibility":"","ast-main-header-display":"","ast-hfb-above-header-display":"","ast-hfb-below-header-display":"","ast-hfb-mobile-header-display":"","site-post-title":"disabled","ast-breadcrumbs-content":"","ast-featured-img":"","footer-sml-layout":"","ast-disable-related-posts":"","theme-transparent-header-meta":"","adv-header-id-meta":"","stick-header-meta":"","header-above-stick-meta":"","header-main-stick-meta":"","header-below-stick-meta":"","astra-migrate-meta-layouts":"set","ast-page-background-enabled":"default","ast-page-background-meta":{"desktop":{"background-color":"","background-image":"","background-repeat":"repeat","background-position":"center center","background-size":"auto","background-attachment":"scroll","background-type":"","background-media":"","overlay-type":"","overlay-color":"","overlay-opacity":"","overlay-gradient":""},"tablet":{"background-color":"","background-image":"","background-repeat":"repeat","background-position":"center center","background-size":"auto","background-attachment":"scroll","background-type":"","background-media":"","overlay-type":"","overlay-color":"","overlay-opacity":"","overlay-gradient":""},"mobile":{"background-color":"","background-image":"","background-repeat":"repeat","background-position":"center center","background-size":"auto","background-attachment":"scroll","background-type":"","background-media":"","overlay-type":"","overlay-color":"","overlay-opacity":"","overlay-gradient":""}},"ast-content-background-meta":{"desktop":{"background-color":"var(--ast-global-color-5)","background-image":"","background-repeat":"repeat","background-position":"center center","background-size":"auto","background-attachment":"scroll","background-type":"","background-media":"","overlay-type":"","overlay-color":"","overlay-opacity":"","overlay-gradient":""},"tablet":{"background-color":"var(--ast-global-color-5)","background-image":"","background-repeat":"repeat","background-position":"center center","background-size":"auto","background-attachment":"scroll","background-type":"","background-media":"","overlay-type":"","overlay-color":"","overlay-opacity":"","overlay-gradient":""},"mobile":{"background-color":"var(--ast-global-color-5)","background-image":"","background-repeat":"repeat","background-position":"center center","background-size":"auto","background-attachment":"scroll","background-type":"","background-media":"","overlay-type":"","overlay-color":"","overlay-opacity":"","overlay-gradient":""}},"footnotes":""},"class_list":["post-1364","page","type-page","status-publish","hentry"],"_hostinger_reach_plugin_has_subscription_block":false,"_hostinger_reach_plugin_is_elementor":false,"uagb_featured_image_src":{"full":false,"thumbnail":false,"medium":false,"medium_large":false,"large":false,"1536x1536":false,"2048x2048":false,"trp-custom-language-flag":false},"uagb_author_info":{"display_name":"jocanole02@gmail.com","author_link":"https:\/\/hidraulikakarovic.com\/en\/author\/jocanole02gmail-com\/"},"uagb_comment_info":0,"uagb_excerpt":"PRESE ZA BALIRANJE Hidrauli\u010dke prese za baliranje predstavljaju idealno re\u0161enje za efikasno sabijanje i zna\u010dajno smanjenje zapremine ambala\u017enog otpada kao \u0161to su karton, papir, PET ambala\u017ea, plastika i folija. Njihova primena omogu\u0107ava bolje organizovanje radnog prostora, lak\u0161e rukovanje i skladi\u0161tenje otpada, kao i znatno smanjenje tro\u0161kova transporta i daljeg zbrinjavanja. Formiranjem kompaktnih bala posti\u017ee se&hellip;","_links":{"self":[{"href":"https:\/\/hidraulikakarovic.com\/en\/wp-json\/wp\/v2\/pages\/1364","targetHints":{"allow":["GET"]}}],"collection":[{"href":"https:\/\/hidraulikakarovic.com\/en\/wp-json\/wp\/v2\/pages"}],"about":[{"href":"https:\/\/hidraulikakarovic.com\/en\/wp-json\/wp\/v2\/types\/page"}],"author":[{"embeddable":true,"href":"https:\/\/hidraulikakarovic.com\/en\/wp-json\/wp\/v2\/users\/1"}],"replies":[{"embeddable":true,"href":"https:\/\/hidraulikakarovic.com\/en\/wp-json\/wp\/v2\/comments?post=1364"}],"version-history":[{"count":17,"href":"https:\/\/hidraulikakarovic.com\/en\/wp-json\/wp\/v2\/pages\/1364\/revisions"}],"predecessor-version":[{"id":1839,"href":"https:\/\/hidraulikakarovic.com\/en\/wp-json\/wp\/v2\/pages\/1364\/revisions\/1839"}],"wp:attachment":[{"href":"https:\/\/hidraulikakarovic.com\/en\/wp-json\/wp\/v2\/media?parent=1364"}],"curies":[{"name":"wp","href":"https:\/\/api.w.org\/{rel}","templated":true}]}}