{"id":1505,"date":"2026-03-17T17:30:57","date_gmt":"2026-03-17T17:30:57","guid":{"rendered":"https:\/\/hidraulikakarovic.com\/?page_id=1505"},"modified":"2026-03-19T22:13:37","modified_gmt":"2026-03-19T22:13:37","slug":"cepaci-za-drva","status":"publish","type":"page","link":"https:\/\/hidraulikakarovic.com\/en\/cepaci-za-drva\/","title":{"rendered":"Hydraulic wood splitters"},"content":{"rendered":"<h2 class=\"wp-block-heading\">Wood Splitters<\/h2>\n\n\n\n<p>Hydraulic wood splitters represent an efficient and reliable solution for fast, safe, and easy splitting of firewood. They are intended for both household use and professional users who process larger quantities of wood on a daily basis. Their application significantly speeds up the firewood preparation process, reduces physical effort, and increases productivity, even when handling larger and more demanding pieces of wood.<\/p>\n\n\n\n<p>In our company <strong><a href=\"https:\/\/hidraulikakarovic.com\/en\/\" data-type=\"page\" data-id=\"494\">Hidraulika Karovi\u0107<\/a><\/strong> we manufacture splitters designed for powerful, stable, and long-lasting operation, with maximum safety and ease of use. We place special emphasis on build quality, structural stability, and the reliability of the hydraulic system, ensuring the machine operates smoothly even in the most demanding conditions.<\/p>\n\n\n\n<p>Thanks to their robust construction and high-quality hydraulic components, our splitters enable easy and efficient splitting of both hard and knotty wood without interruptions. A precise and powerful working mechanism ensures even splitting, while user-friendly controls make operation as simple and safe as possible.<\/p>\n\n\n\n<p>Our splitters are available in multiple variants \u2014 with electric, diesel, and PTO (tractor-driven) power \u2014 allowing their use in various working conditions, whether in a yard, workshop, forest, or in areas without access to electricity.<\/p>\n\n\n\n<h2 class=\"wp-block-heading\">Advantages of log splitters<\/h2>\n\n\n\n<ul class=\"wp-block-list\">\n<li>Fast and efficient splitting<\/li>\n\n\n\n<li>Reduced physical effort<\/li>\n\n\n\n<li>Powerful hydraulic system<\/li>\n\n\n\n<li>Long service life<\/li>\n\n\n\n<li>Easy operation<\/li>\n<\/ul>\n\n\n\n<h2 class=\"wp-block-heading\">Where log splitters are used<\/h2>\n\n\n\n<p>Log splitters are used in households, farms, and the wood industry for preparing firewood.<\/p>\n\n\n\n<div class=\"wp-block-columns is-layout-flex wp-container-core-columns-is-layout-28f84493 wp-block-columns-is-layout-flex\">\n<div class=\"wp-block-column is-layout-flow wp-block-column-is-layout-flow\">\n<figure data-spectra-id=\"spectra-mmuvovd0-e998ed\" class=\"wp-block-image size-full\"><img loading=\"lazy\" decoding=\"async\" width=\"666\" height=\"375\" src=\"https:\/\/hidraulikakarovic.com\/wp-content\/uploads\/2026\/03\/WhatsApp_Image_2026-03-13_at_20.34.48-removebg-preview.png\" alt=\"hidrauli\u010dni cepa\u010d\" class=\"wp-image-1506\" title=\"Hydraulic wood splitters\" srcset=\"https:\/\/hidraulikakarovic.com\/wp-content\/uploads\/2026\/03\/WhatsApp_Image_2026-03-13_at_20.34.48-removebg-preview.png 666w, https:\/\/hidraulikakarovic.com\/wp-content\/uploads\/2026\/03\/WhatsApp_Image_2026-03-13_at_20.34.48-removebg-preview-300x169.png 300w, https:\/\/hidraulikakarovic.com\/wp-content\/uploads\/2026\/03\/WhatsApp_Image_2026-03-13_at_20.34.48-removebg-preview-18x10.png 18w\" sizes=\"auto, (max-width: 666px) 100vw, 666px\" \/><\/figure>\n\n\n\n<figure data-spectra-id=\"spectra-mmuvtsao-30x9r5\" class=\"wp-block-image size-full\"><img loading=\"lazy\" decoding=\"async\" width=\"577\" height=\"433\" src=\"https:\/\/hidraulikakarovic.com\/wp-content\/uploads\/2026\/03\/WhatsApp_Image_2026-03-13_at_20.32.55-removebg-preview.png\" alt=\"hidrali\u010dni cepa\u010d\" class=\"wp-image-1509\" title=\"Hydraulic wood splitters\" srcset=\"https:\/\/hidraulikakarovic.com\/wp-content\/uploads\/2026\/03\/WhatsApp_Image_2026-03-13_at_20.32.55-removebg-preview.png 577w, https:\/\/hidraulikakarovic.com\/wp-content\/uploads\/2026\/03\/WhatsApp_Image_2026-03-13_at_20.32.55-removebg-preview-300x225.png 300w, https:\/\/hidraulikakarovic.com\/wp-content\/uploads\/2026\/03\/WhatsApp_Image_2026-03-13_at_20.32.55-removebg-preview-16x12.png 16w\" sizes=\"auto, (max-width: 577px) 100vw, 577px\" \/><\/figure>\n\n\n\n<figure data-spectra-id=\"spectra-mmuw01e3-weu23r\" class=\"wp-block-image size-full\"><img loading=\"lazy\" decoding=\"async\" width=\"666\" height=\"375\" src=\"https:\/\/hidraulikakarovic.com\/wp-content\/uploads\/2026\/03\/WhatsApp_Image_2026-03-13_at_20.34.43__1_-removebg-preview.png\" alt=\"hidrauli\u010dni cepa\u010d\" class=\"wp-image-1512\" title=\"Hydraulic wood splitters\" srcset=\"https:\/\/hidraulikakarovic.com\/wp-content\/uploads\/2026\/03\/WhatsApp_Image_2026-03-13_at_20.34.43__1_-removebg-preview.png 666w, https:\/\/hidraulikakarovic.com\/wp-content\/uploads\/2026\/03\/WhatsApp_Image_2026-03-13_at_20.34.43__1_-removebg-preview-300x169.png 300w, https:\/\/hidraulikakarovic.com\/wp-content\/uploads\/2026\/03\/WhatsApp_Image_2026-03-13_at_20.34.43__1_-removebg-preview-18x10.png 18w\" sizes=\"auto, (max-width: 666px) 100vw, 666px\" \/><\/figure>\n\n\n\n<figure data-spectra-id=\"spectra-mmuw12b2-hzvtdw\" class=\"wp-block-image size-full\"><img loading=\"lazy\" decoding=\"async\" width=\"666\" height=\"375\" src=\"https:\/\/hidraulikakarovic.com\/wp-content\/uploads\/2026\/03\/WhatsApp_Image_2026-03-13_at_20.34.45__1_-removebg-preview.png\" alt=\"hidrauli\u010dni cepa\u010d\" class=\"wp-image-1513\" title=\"Hydraulic wood splitters\" srcset=\"https:\/\/hidraulikakarovic.com\/wp-content\/uploads\/2026\/03\/WhatsApp_Image_2026-03-13_at_20.34.45__1_-removebg-preview.png 666w, https:\/\/hidraulikakarovic.com\/wp-content\/uploads\/2026\/03\/WhatsApp_Image_2026-03-13_at_20.34.45__1_-removebg-preview-300x169.png 300w, https:\/\/hidraulikakarovic.com\/wp-content\/uploads\/2026\/03\/WhatsApp_Image_2026-03-13_at_20.34.45__1_-removebg-preview-18x10.png 18w\" sizes=\"auto, (max-width: 666px) 100vw, 666px\" \/><\/figure>\n<\/div>\n\n\n\n<div class=\"wp-block-column is-layout-flow wp-block-column-is-layout-flow\">\n<figure data-spectra-id=\"spectra-mmuvr6uf-5z27o1\" class=\"wp-block-image size-full\"><img loading=\"lazy\" decoding=\"async\" width=\"433\" height=\"577\" src=\"https:\/\/hidraulikakarovic.com\/wp-content\/uploads\/2026\/03\/WhatsApp_Image_2026-03-13_at_20.34.05__1_-removebg-preview.png\" alt=\"hidraulika\" class=\"wp-image-1507\" title=\"Hydraulic wood splitters\" srcset=\"https:\/\/hidraulikakarovic.com\/wp-content\/uploads\/2026\/03\/WhatsApp_Image_2026-03-13_at_20.34.05__1_-removebg-preview.png 433w, https:\/\/hidraulikakarovic.com\/wp-content\/uploads\/2026\/03\/WhatsApp_Image_2026-03-13_at_20.34.05__1_-removebg-preview-225x300.png 225w, https:\/\/hidraulikakarovic.com\/wp-content\/uploads\/2026\/03\/WhatsApp_Image_2026-03-13_at_20.34.05__1_-removebg-preview-9x12.png 9w\" sizes=\"auto, (max-width: 433px) 100vw, 433px\" \/><\/figure>\n\n\n\n<figure data-spectra-id=\"spectra-mmuvw8dw-5vmp7c\" class=\"wp-block-image size-full\"><img loading=\"lazy\" decoding=\"async\" width=\"375\" height=\"666\" src=\"https:\/\/hidraulikakarovic.com\/wp-content\/uploads\/2026\/03\/WhatsApp_Image_2026-03-13_at_20.34.44-removebg-preview.png\" alt=\"hidrauli\u010dni cepa\u010d\" class=\"wp-image-1510\" title=\"Hydraulic wood splitters\" srcset=\"https:\/\/hidraulikakarovic.com\/wp-content\/uploads\/2026\/03\/WhatsApp_Image_2026-03-13_at_20.34.44-removebg-preview.png 375w, https:\/\/hidraulikakarovic.com\/wp-content\/uploads\/2026\/03\/WhatsApp_Image_2026-03-13_at_20.34.44-removebg-preview-169x300.png 169w, https:\/\/hidraulikakarovic.com\/wp-content\/uploads\/2026\/03\/WhatsApp_Image_2026-03-13_at_20.34.44-removebg-preview-7x12.png 7w\" sizes=\"auto, (max-width: 375px) 100vw, 375px\" \/><\/figure>\n<\/div>\n\n\n\n<div class=\"wp-block-column is-layout-flow wp-block-column-is-layout-flow\">\n<figure data-spectra-id=\"spectra-mmuvs13s-o8pw5k\" class=\"wp-block-image size-full\"><img loading=\"lazy\" decoding=\"async\" width=\"433\" height=\"577\" src=\"https:\/\/hidraulikakarovic.com\/wp-content\/uploads\/2026\/03\/WhatsApp_Image_2026-03-13_at_20.34.05-removebg-preview.png\" alt=\"hidrauli\u010dni cepa\u010d\" class=\"wp-image-1508\" title=\"Hydraulic wood splitters\" srcset=\"https:\/\/hidraulikakarovic.com\/wp-content\/uploads\/2026\/03\/WhatsApp_Image_2026-03-13_at_20.34.05-removebg-preview.png 433w, https:\/\/hidraulikakarovic.com\/wp-content\/uploads\/2026\/03\/WhatsApp_Image_2026-03-13_at_20.34.05-removebg-preview-225x300.png 225w, https:\/\/hidraulikakarovic.com\/wp-content\/uploads\/2026\/03\/WhatsApp_Image_2026-03-13_at_20.34.05-removebg-preview-9x12.png 9w\" sizes=\"auto, (max-width: 433px) 100vw, 433px\" \/><\/figure>\n\n\n\n<figure data-spectra-id=\"spectra-mmuvxcm4-wxlo8g\" class=\"wp-block-image size-full\"><img loading=\"lazy\" decoding=\"async\" width=\"375\" height=\"666\" src=\"https:\/\/hidraulikakarovic.com\/wp-content\/uploads\/2026\/03\/WhatsApp_Image_2026-03-13_at_20.34.39__1_-removebg-preview.png\" alt=\"hidrauli\u010dni cepa\u010d\" class=\"wp-image-1511\" title=\"Hydraulic wood splitters\" srcset=\"https:\/\/hidraulikakarovic.com\/wp-content\/uploads\/2026\/03\/WhatsApp_Image_2026-03-13_at_20.34.39__1_-removebg-preview.png 375w, https:\/\/hidraulikakarovic.com\/wp-content\/uploads\/2026\/03\/WhatsApp_Image_2026-03-13_at_20.34.39__1_-removebg-preview-169x300.png 169w, https:\/\/hidraulikakarovic.com\/wp-content\/uploads\/2026\/03\/WhatsApp_Image_2026-03-13_at_20.34.39__1_-removebg-preview-7x12.png 7w\" sizes=\"auto, (max-width: 375px) 100vw, 375px\" \/><\/figure>\n\n\n\n<div class=\"wp-block-buttons is-layout-flex wp-block-buttons-is-layout-flex\">\n<div class=\"wp-block-button\"><a class=\"wp-block-button__link has-vivid-red-background-color has-background wp-element-button\" href=\"https:\/\/hidraulikakarovic.com\/en\/kontakt\/\">Send an Inquiry<\/a><\/div>\n<\/div>\n<\/div>\n<\/div>","protected":false},"excerpt":{"rendered":"<p>CEPA\u010cI ZA DRVA Hidrauli\u010dki cepa\u010di za drva predstavljaju efikasno i pouzdano re\u0161enje za brzo, sigurno i jednostavno cepanje ogrevnog drveta. Namenjeni su kako za ku\u0107nu upotrebu, tako i za profesionalne korisnike koji svakodnevno obra\u0111uju ve\u0107e koli\u010dine drveta. Njihova primena zna\u010dajno ubrzava proces pripreme ogreva, smanjuje fizi\u010dki napor i pove\u0107ava produktivnost, \u010dak i kod obrade ve\u0107ih [&hellip;]<\/p>\n","protected":false},"author":1,"featured_media":0,"parent":0,"menu_order":0,"comment_status":"closed","ping_status":"closed","template":"","meta":{"_uag_custom_page_level_css":"","site-sidebar-layout":"default","site-content-layout":"","ast-site-content-layout":"default","site-content-style":"default","site-sidebar-style":"default","ast-global-header-display":"","ast-banner-title-visibility":"","ast-main-header-display":"","ast-hfb-above-header-display":"","ast-hfb-below-header-display":"","ast-hfb-mobile-header-display":"","site-post-title":"disabled","ast-breadcrumbs-content":"","ast-featured-img":"","footer-sml-layout":"","ast-disable-related-posts":"","theme-transparent-header-meta":"","adv-header-id-meta":"","stick-header-meta":"","header-above-stick-meta":"","header-main-stick-meta":"","header-below-stick-meta":"","astra-migrate-meta-layouts":"set","ast-page-background-enabled":"default","ast-page-background-meta":{"desktop":{"background-color":"","background-image":"","background-repeat":"repeat","background-position":"center center","background-size":"auto","background-attachment":"scroll","background-type":"","background-media":"","overlay-type":"","overlay-color":"","overlay-opacity":"","overlay-gradient":""},"tablet":{"background-color":"","background-image":"","background-repeat":"repeat","background-position":"center center","background-size":"auto","background-attachment":"scroll","background-type":"","background-media":"","overlay-type":"","overlay-color":"","overlay-opacity":"","overlay-gradient":""},"mobile":{"background-color":"","background-image":"","background-repeat":"repeat","background-position":"center center","background-size":"auto","background-attachment":"scroll","background-type":"","background-media":"","overlay-type":"","overlay-color":"","overlay-opacity":"","overlay-gradient":""}},"ast-content-background-meta":{"desktop":{"background-color":"var(--ast-global-color-5)","background-image":"","background-repeat":"repeat","background-position":"center center","background-size":"auto","background-attachment":"scroll","background-type":"","background-media":"","overlay-type":"","overlay-color":"","overlay-opacity":"","overlay-gradient":""},"tablet":{"background-color":"var(--ast-global-color-5)","background-image":"","background-repeat":"repeat","background-position":"center center","background-size":"auto","background-attachment":"scroll","background-type":"","background-media":"","overlay-type":"","overlay-color":"","overlay-opacity":"","overlay-gradient":""},"mobile":{"background-color":"var(--ast-global-color-5)","background-image":"","background-repeat":"repeat","background-position":"center center","background-size":"auto","background-attachment":"scroll","background-type":"","background-media":"","overlay-type":"","overlay-color":"","overlay-opacity":"","overlay-gradient":""}},"footnotes":""},"class_list":["post-1505","page","type-page","status-publish","hentry"],"_hostinger_reach_plugin_has_subscription_block":false,"_hostinger_reach_plugin_is_elementor":false,"uagb_featured_image_src":{"full":false,"thumbnail":false,"medium":false,"medium_large":false,"large":false,"1536x1536":false,"2048x2048":false,"trp-custom-language-flag":false},"uagb_author_info":{"display_name":"jocanole02@gmail.com","author_link":"https:\/\/hidraulikakarovic.com\/en\/author\/jocanole02gmail-com\/"},"uagb_comment_info":0,"uagb_excerpt":"CEPA\u010cI ZA DRVA Hidrauli\u010dki cepa\u010di za drva predstavljaju efikasno i pouzdano re\u0161enje za brzo, sigurno i jednostavno cepanje ogrevnog drveta. Namenjeni su kako za ku\u0107nu upotrebu, tako i za profesionalne korisnike koji svakodnevno obra\u0111uju ve\u0107e koli\u010dine drveta. Njihova primena zna\u010dajno ubrzava proces pripreme ogreva, smanjuje fizi\u010dki napor i pove\u0107ava produktivnost, \u010dak i kod obrade ve\u0107ih&hellip;","_links":{"self":[{"href":"https:\/\/hidraulikakarovic.com\/en\/wp-json\/wp\/v2\/pages\/1505","targetHints":{"allow":["GET"]}}],"collection":[{"href":"https:\/\/hidraulikakarovic.com\/en\/wp-json\/wp\/v2\/pages"}],"about":[{"href":"https:\/\/hidraulikakarovic.com\/en\/wp-json\/wp\/v2\/types\/page"}],"author":[{"embeddable":true,"href":"https:\/\/hidraulikakarovic.com\/en\/wp-json\/wp\/v2\/users\/1"}],"replies":[{"embeddable":true,"href":"https:\/\/hidraulikakarovic.com\/en\/wp-json\/wp\/v2\/comments?post=1505"}],"version-history":[{"count":10,"href":"https:\/\/hidraulikakarovic.com\/en\/wp-json\/wp\/v2\/pages\/1505\/revisions"}],"predecessor-version":[{"id":1834,"href":"https:\/\/hidraulikakarovic.com\/en\/wp-json\/wp\/v2\/pages\/1505\/revisions\/1834"}],"wp:attachment":[{"href":"https:\/\/hidraulikakarovic.com\/en\/wp-json\/wp\/v2\/media?parent=1505"}],"curies":[{"name":"wp","href":"https:\/\/api.w.org\/{rel}","templated":true}]}}