{"id":1600,"date":"2026-03-17T19:42:22","date_gmt":"2026-03-17T19:42:22","guid":{"rendered":"https:\/\/hidraulikakarovic.com\/?page_id=1600"},"modified":"2026-03-19T16:10:40","modified_gmt":"2026-03-19T16:10:40","slug":"prese-za-cedjenje-voca","status":"publish","type":"page","link":"https:\/\/hidraulikakarovic.com\/en\/prese-za-cedjenje-voca\/","title":{"rendered":"Fruit Presses"},"content":{"rendered":"<h2 class=\"wp-block-heading has-white-color has-text-color has-link-color wp-elements-43dfddf1ccfc12a211113b4723225727\"><strong>FRUIT PRESSES<\/strong><\/h2>\n\n\n\n<p class=\"has-white-color has-text-color has-link-color wp-elements-e0b5959211ced01c91d2353044af2096\">Fruit presses represent an efficient and reliable solution for extracting juice from various types of fruit such as apples, pears, grapes, and other seasonal produce. They are intended for both small producers and households, as well as larger farms and processors that require fast and high-quality pressing of larger quantities of fruit.<\/p>\n\n\n\n<p class=\"has-white-color has-text-color has-link-color wp-elements-f97697ac44c40e5cc4bb36b030d2d39b\">In our company <a href=\"https:\/\/hidraulikakarovic.com\/en\/\" data-type=\"page\" data-id=\"494\"><strong>Hidraulika Karovi\u0107<\/strong> <\/a>we manufacture presses designed for powerful and stable operation, with a high level of fruit yield efficiency. Thanks to the hydraulic system, the pressing process is even and efficient, enabling maximum juice extraction while preserving its quality.<\/p>\n\n\n\n<p class=\"has-white-color has-text-color has-link-color wp-elements-ac56dfcb9e6142524195c6a105b24f1c\">Our presses are characterized by robust construction, high-quality craftsmanship, and the use of reliable components, ensuring a long service life and safe operation. The design is adapted for easy handling and maintenance, allowing users to work quickly and efficiently during the fruit processing season.<\/p>\n\n\n\n<p class=\"has-white-color has-text-color has-link-color wp-elements-0378833c6e151eeaf11d197daa9b4af5\">We pay special attention to hygiene standards, so all parts that come into contact with fruit are made from food-grade materials, ensuring the safety and quality of the final product.<\/p>\n\n\n\n<p class=\"has-white-color has-text-color has-link-color wp-elements-eecde439362071d9d9a00552ae36d671\">In addition to standard models, we also offer custom-built presses tailored to customer requirements, the volume of fruit being processed, and the working method. This ensures an optimal solution for every type of production \u2014 from small to large capacities.<\/p>\n\n\n\n<h2 class=\"wp-block-heading\">Advantages of fruit pressing machines<\/h2>\n\n\n\n<ul class=\"wp-block-list\">\n<li>Efficient juice extraction<\/li>\n\n\n\n<li>Maximum utilization of the fruit<\/li>\n\n\n\n<li>Easy operation<\/li>\n\n\n\n<li>Long service life<\/li>\n\n\n\n<li>High-Quality Manufacturing<\/li>\n<\/ul>\n\n\n\n<h2 class=\"wp-block-heading\">Where fruit presses are used<\/h2>\n\n\n\n<p>Fruit presses are used in households, farms, and in the production of juices and other fruit-based products.<\/p>\n\n\n\n<figure class=\"wp-block-gallery has-nested-images columns-default is-cropped wp-block-gallery-1 is-layout-flex wp-block-gallery-is-layout-flex\">\n<figure data-spectra-id=\"spectra-mmv0pocy-imof6b\" class=\"wp-block-image size-large\"><img loading=\"lazy\" decoding=\"async\" width=\"433\" height=\"577\" data-id=\"1601\" src=\"https:\/\/hidraulikakarovic.com\/wp-content\/uploads\/2026\/03\/20180707_171953-removebg-preview.png\" alt=\"presa za vo\u0107e\" class=\"wp-image-1601\" title=\"Fruit Presses\" srcset=\"https:\/\/hidraulikakarovic.com\/wp-content\/uploads\/2026\/03\/20180707_171953-removebg-preview.png 433w, https:\/\/hidraulikakarovic.com\/wp-content\/uploads\/2026\/03\/20180707_171953-removebg-preview-225x300.png 225w, https:\/\/hidraulikakarovic.com\/wp-content\/uploads\/2026\/03\/20180707_171953-removebg-preview-9x12.png 9w\" sizes=\"auto, (max-width: 433px) 100vw, 433px\" \/><\/figure>\n\n\n\n<figure data-spectra-id=\"spectra-mmv0pod8-81mu40\" class=\"wp-block-image size-large\"><img loading=\"lazy\" decoding=\"async\" width=\"433\" height=\"577\" data-id=\"1604\" src=\"https:\/\/hidraulikakarovic.com\/wp-content\/uploads\/2026\/03\/20180707_171915-removebg-preview.png\" alt=\"hidrauli\u010dna presa za sok\" class=\"wp-image-1604\" title=\"Fruit Presses\" srcset=\"https:\/\/hidraulikakarovic.com\/wp-content\/uploads\/2026\/03\/20180707_171915-removebg-preview.png 433w, https:\/\/hidraulikakarovic.com\/wp-content\/uploads\/2026\/03\/20180707_171915-removebg-preview-225x300.png 225w, https:\/\/hidraulikakarovic.com\/wp-content\/uploads\/2026\/03\/20180707_171915-removebg-preview-9x12.png 9w\" sizes=\"auto, (max-width: 433px) 100vw, 433px\" \/><\/figure>\n\n\n\n<figure data-spectra-id=\"spectra-mmv0podj-roh3ka\" class=\"wp-block-image size-large\"><img loading=\"lazy\" decoding=\"async\" width=\"433\" height=\"577\" data-id=\"1603\" src=\"https:\/\/hidraulikakarovic.com\/wp-content\/uploads\/2026\/03\/20180707_171844-removebg-preview.png\" alt=\"presa za sok\" class=\"wp-image-1603\" title=\"Fruit Presses\" srcset=\"https:\/\/hidraulikakarovic.com\/wp-content\/uploads\/2026\/03\/20180707_171844-removebg-preview.png 433w, https:\/\/hidraulikakarovic.com\/wp-content\/uploads\/2026\/03\/20180707_171844-removebg-preview-225x300.png 225w, https:\/\/hidraulikakarovic.com\/wp-content\/uploads\/2026\/03\/20180707_171844-removebg-preview-9x12.png 9w\" sizes=\"auto, (max-width: 433px) 100vw, 433px\" \/><\/figure>\n\n\n\n<figure data-spectra-id=\"spectra-mmv0podt-8vcoco\" class=\"wp-block-image size-large\"><img loading=\"lazy\" decoding=\"async\" width=\"433\" height=\"577\" data-id=\"1602\" src=\"https:\/\/hidraulikakarovic.com\/wp-content\/uploads\/2026\/03\/20180707_171817-removebg-preview.png\" alt=\"presa za ce\u0111enje\" class=\"wp-image-1602\" title=\"Fruit Presses\" srcset=\"https:\/\/hidraulikakarovic.com\/wp-content\/uploads\/2026\/03\/20180707_171817-removebg-preview.png 433w, https:\/\/hidraulikakarovic.com\/wp-content\/uploads\/2026\/03\/20180707_171817-removebg-preview-225x300.png 225w, https:\/\/hidraulikakarovic.com\/wp-content\/uploads\/2026\/03\/20180707_171817-removebg-preview-9x12.png 9w\" sizes=\"auto, (max-width: 433px) 100vw, 433px\" \/><\/figure>\n\n\n\n<figure data-spectra-id=\"spectra-mmv0poe3-81wqin\" class=\"wp-block-image size-large\"><img loading=\"lazy\" decoding=\"async\" width=\"433\" height=\"577\" data-id=\"1605\" src=\"https:\/\/hidraulikakarovic.com\/wp-content\/uploads\/2026\/03\/20180707_171830-removebg-preview-1.png\" alt=\"prese za vo\u0107ni sok\" class=\"wp-image-1605\" title=\"Fruit Presses\" srcset=\"https:\/\/hidraulikakarovic.com\/wp-content\/uploads\/2026\/03\/20180707_171830-removebg-preview-1.png 433w, https:\/\/hidraulikakarovic.com\/wp-content\/uploads\/2026\/03\/20180707_171830-removebg-preview-1-225x300.png 225w, https:\/\/hidraulikakarovic.com\/wp-content\/uploads\/2026\/03\/20180707_171830-removebg-preview-1-9x12.png 9w\" sizes=\"auto, (max-width: 433px) 100vw, 433px\" \/><\/figure>\n<\/figure>\n\n\n\n<div class=\"wp-block-buttons is-layout-flex wp-block-buttons-is-layout-flex\">\n<div class=\"wp-block-button\"><a class=\"wp-block-button__link has-vivid-red-background-color has-background wp-element-button\" href=\"https:\/\/hidraulikakarovic.com\/en\/kontakt\/\">Send an Inquiry<\/a><\/div>\n<\/div>","protected":false},"excerpt":{"rendered":"<p>PRESE ZA CE\u0110ENJE VO\u0106A Prese za ce\u0111enje vo\u0107a predstavljaju efikasno i pouzdano re\u0161enje za izdvajanje soka iz razli\u010ditih vrsta vo\u0107a kao \u0161to su jabuke, kru\u0161ke, gro\u017e\u0111e i drugo sezonsko vo\u0107e. Namenjene su kako manjim proizvo\u0111a\u010dima i doma\u0107instvima, tako i ve\u0107im poljoprivrednim gazdinstvima i prera\u0111iva\u010dima koji imaju potrebu za brzim i kvalitetnim ce\u0111enjem ve\u0107ih koli\u010dina vo\u0107a. [&hellip;]<\/p>\n","protected":false},"author":1,"featured_media":0,"parent":0,"menu_order":0,"comment_status":"closed","ping_status":"closed","template":"","meta":{"_uag_custom_page_level_css":"","site-sidebar-layout":"default","site-content-layout":"","ast-site-content-layout":"default","site-content-style":"default","site-sidebar-style":"default","ast-global-header-display":"","ast-banner-title-visibility":"","ast-main-header-display":"","ast-hfb-above-header-display":"","ast-hfb-below-header-display":"","ast-hfb-mobile-header-display":"","site-post-title":"disabled","ast-breadcrumbs-content":"","ast-featured-img":"","footer-sml-layout":"","ast-disable-related-posts":"","theme-transparent-header-meta":"","adv-header-id-meta":"","stick-header-meta":"","header-above-stick-meta":"","header-main-stick-meta":"","header-below-stick-meta":"","astra-migrate-meta-layouts":"set","ast-page-background-enabled":"default","ast-page-background-meta":{"desktop":{"background-color":"","background-image":"","background-repeat":"repeat","background-position":"center center","background-size":"auto","background-attachment":"scroll","background-type":"","background-media":"","overlay-type":"","overlay-color":"","overlay-opacity":"","overlay-gradient":""},"tablet":{"background-color":"","background-image":"","background-repeat":"repeat","background-position":"center center","background-size":"auto","background-attachment":"scroll","background-type":"","background-media":"","overlay-type":"","overlay-color":"","overlay-opacity":"","overlay-gradient":""},"mobile":{"background-color":"","background-image":"","background-repeat":"repeat","background-position":"center center","background-size":"auto","background-attachment":"scroll","background-type":"","background-media":"","overlay-type":"","overlay-color":"","overlay-opacity":"","overlay-gradient":""}},"ast-content-background-meta":{"desktop":{"background-color":"var(--ast-global-color-5)","background-image":"","background-repeat":"repeat","background-position":"center center","background-size":"auto","background-attachment":"scroll","background-type":"","background-media":"","overlay-type":"","overlay-color":"","overlay-opacity":"","overlay-gradient":""},"tablet":{"background-color":"var(--ast-global-color-5)","background-image":"","background-repeat":"repeat","background-position":"center center","background-size":"auto","background-attachment":"scroll","background-type":"","background-media":"","overlay-type":"","overlay-color":"","overlay-opacity":"","overlay-gradient":""},"mobile":{"background-color":"var(--ast-global-color-5)","background-image":"","background-repeat":"repeat","background-position":"center center","background-size":"auto","background-attachment":"scroll","background-type":"","background-media":"","overlay-type":"","overlay-color":"","overlay-opacity":"","overlay-gradient":""}},"footnotes":""},"class_list":["post-1600","page","type-page","status-publish","hentry"],"_hostinger_reach_plugin_has_subscription_block":false,"_hostinger_reach_plugin_is_elementor":false,"uagb_featured_image_src":{"full":false,"thumbnail":false,"medium":false,"medium_large":false,"large":false,"1536x1536":false,"2048x2048":false,"trp-custom-language-flag":false},"uagb_author_info":{"display_name":"jocanole02@gmail.com","author_link":"https:\/\/hidraulikakarovic.com\/en\/author\/jocanole02gmail-com\/"},"uagb_comment_info":0,"uagb_excerpt":"PRESE ZA CE\u0110ENJE VO\u0106A Prese za ce\u0111enje vo\u0107a predstavljaju efikasno i pouzdano re\u0161enje za izdvajanje soka iz razli\u010ditih vrsta vo\u0107a kao \u0161to su jabuke, kru\u0161ke, gro\u017e\u0111e i drugo sezonsko vo\u0107e. Namenjene su kako manjim proizvo\u0111a\u010dima i doma\u0107instvima, tako i ve\u0107im poljoprivrednim gazdinstvima i prera\u0111iva\u010dima koji imaju potrebu za brzim i kvalitetnim ce\u0111enjem ve\u0107ih koli\u010dina vo\u0107a.&hellip;","_links":{"self":[{"href":"https:\/\/hidraulikakarovic.com\/en\/wp-json\/wp\/v2\/pages\/1600","targetHints":{"allow":["GET"]}}],"collection":[{"href":"https:\/\/hidraulikakarovic.com\/en\/wp-json\/wp\/v2\/pages"}],"about":[{"href":"https:\/\/hidraulikakarovic.com\/en\/wp-json\/wp\/v2\/types\/page"}],"author":[{"embeddable":true,"href":"https:\/\/hidraulikakarovic.com\/en\/wp-json\/wp\/v2\/users\/1"}],"replies":[{"embeddable":true,"href":"https:\/\/hidraulikakarovic.com\/en\/wp-json\/wp\/v2\/comments?post=1600"}],"version-history":[{"count":6,"href":"https:\/\/hidraulikakarovic.com\/en\/wp-json\/wp\/v2\/pages\/1600\/revisions"}],"predecessor-version":[{"id":1826,"href":"https:\/\/hidraulikakarovic.com\/en\/wp-json\/wp\/v2\/pages\/1600\/revisions\/1826"}],"wp:attachment":[{"href":"https:\/\/hidraulikakarovic.com\/en\/wp-json\/wp\/v2\/media?parent=1600"}],"curies":[{"name":"wp","href":"https:\/\/api.w.org\/{rel}","templated":true}]}}