{"id":1621,"date":"2026-03-18T10:05:40","date_gmt":"2026-03-18T10:05:40","guid":{"rendered":"https:\/\/hidraulikakarovic.com\/?page_id=1621"},"modified":"2026-03-19T16:11:21","modified_gmt":"2026-03-19T16:11:21","slug":"pakerice-za-seno-i-susku","status":"publish","type":"page","link":"https:\/\/hidraulikakarovic.com\/en\/pakerice-za-seno-i-susku\/","title":{"rendered":"Hay and Cornstalk Balers"},"content":{"rendered":"<h2 class=\"wp-block-heading\">HAY AND CORNSTALK BALERS<\/h2>\n\n\n\n<p>Hay and cornstalk balers intended for the pet shop market represent an ideal solution for producers who want to market their products as finished, packaged goods for pets. This approach enables a transition from selling raw materials to selling final products with significantly higher market value.<\/p>\n\n\n\n<p>These machines enable the compaction of hay and cornstalks into compact, neat, and commercially suitable bales or packages that are ready for further processing, packaging, and sale in pet shops. The resulting product has a uniform shape and optimal density, making handling, transport, and storage easier, while also contributing to a professional appearance of the final packaging.<\/p>\n\n\n\n<p>A key advantage of this system is product standardization \u2014 each bale or package can have the same weight, dimensions, and quality, which is essential for a serious market presence and cooperation with retail chains.<\/p>\n\n\n\n<p>In our company <strong><a href=\"https:\/\/hidraulikakarovic.com\/en\/\" data-type=\"page\" data-id=\"494\">Hidraulika Karovi\u0107<\/a><\/strong> we develop solutions specifically tailored to this type of production \u2014 from raw material to a finished product ready for the market. Our systems are designed to enable a simple and continuous workflow, with minimal material loss and maximum resource efficiency.<\/p>\n\n\n\n<p>The balers are suitable for both small producers who want to start their own business and more established operations aiming to increase capacity and improve product quality. Their use provides greater control over the entire process \u2014 from raw material selection to final packaging ready for sale.<\/p>\n\n\n\n<p>In this way, users do not offer just hay or cornstalks, but a complete, market-ready product that meets the standards of the modern pet shop market.<\/p>\n\n\n\n<h2 class=\"wp-block-heading\">Advantages of hay and corn stalk balers<\/h2>\n\n\n\n<ul class=\"wp-block-list\">\n<li>Fast and efficient baling<\/li>\n\n\n\n<li>Easier storage<\/li>\n\n\n\n<li>Reduction in material volume<\/li>\n\n\n\n<li>Easy operation<\/li>\n\n\n\n<li>Long service life<\/li>\n<\/ul>\n\n\n\n<h2 class=\"wp-block-heading\">Where hay and corn stalk balers are used<\/h2>\n\n\n\n<p>Hay and corn stalk balers are used in agriculture, on farms, and in production where efficient baling and storage of materials are required.<\/p>\n\n\n\n<figure class=\"wp-block-gallery has-nested-images columns-default is-cropped wp-block-gallery-1 is-layout-flex wp-block-gallery-is-layout-flex\">\n<figure data-spectra-id=\"spectra-mmvy9d2t-m4yzjh\" class=\"wp-block-image size-large\"><img loading=\"lazy\" decoding=\"async\" width=\"375\" height=\"666\" data-id=\"1661\" src=\"https:\/\/hidraulikakarovic.com\/wp-content\/uploads\/2026\/03\/ff903318-1cb2-4520-8c31-a4652d495c2f-removebg-preview.png\" alt=\"pakerice za seno\" class=\"wp-image-1661\" title=\"Hay and Cornstalk Balers\" srcset=\"https:\/\/hidraulikakarovic.com\/wp-content\/uploads\/2026\/03\/ff903318-1cb2-4520-8c31-a4652d495c2f-removebg-preview.png 375w, https:\/\/hidraulikakarovic.com\/wp-content\/uploads\/2026\/03\/ff903318-1cb2-4520-8c31-a4652d495c2f-removebg-preview-169x300.png 169w, https:\/\/hidraulikakarovic.com\/wp-content\/uploads\/2026\/03\/ff903318-1cb2-4520-8c31-a4652d495c2f-removebg-preview-7x12.png 7w\" sizes=\"auto, (max-width: 375px) 100vw, 375px\" \/><\/figure>\n\n\n\n<figure data-spectra-id=\"spectra-mmvy9d38-c1u6xs\" class=\"wp-block-image size-large\"><img loading=\"lazy\" decoding=\"async\" width=\"375\" height=\"666\" data-id=\"1663\" src=\"https:\/\/hidraulikakarovic.com\/wp-content\/uploads\/2026\/03\/053963bf-56b7-49fc-acc9-ec4442ee9555-removebg-preview-1.png\" alt=\"seno\" class=\"wp-image-1663\" title=\"Hay and Cornstalk Balers\" srcset=\"https:\/\/hidraulikakarovic.com\/wp-content\/uploads\/2026\/03\/053963bf-56b7-49fc-acc9-ec4442ee9555-removebg-preview-1.png 375w, https:\/\/hidraulikakarovic.com\/wp-content\/uploads\/2026\/03\/053963bf-56b7-49fc-acc9-ec4442ee9555-removebg-preview-1-169x300.png 169w, https:\/\/hidraulikakarovic.com\/wp-content\/uploads\/2026\/03\/053963bf-56b7-49fc-acc9-ec4442ee9555-removebg-preview-1-7x12.png 7w\" sizes=\"auto, (max-width: 375px) 100vw, 375px\" \/><\/figure>\n\n\n\n<figure data-spectra-id=\"spectra-mmvy9d3m-q49z83\" class=\"wp-block-image size-large\"><img loading=\"lazy\" decoding=\"async\" width=\"666\" height=\"375\" data-id=\"1668\" src=\"https:\/\/hidraulikakarovic.com\/wp-content\/uploads\/2026\/03\/26370a12-e6f7-41e4-8268-a511e46d99ee-removebg-preview.png\" alt=\"pakerice za \u0161u\u0161ku\" class=\"wp-image-1668\" title=\"Hay and Cornstalk Balers\" srcset=\"https:\/\/hidraulikakarovic.com\/wp-content\/uploads\/2026\/03\/26370a12-e6f7-41e4-8268-a511e46d99ee-removebg-preview.png 666w, https:\/\/hidraulikakarovic.com\/wp-content\/uploads\/2026\/03\/26370a12-e6f7-41e4-8268-a511e46d99ee-removebg-preview-300x169.png 300w, https:\/\/hidraulikakarovic.com\/wp-content\/uploads\/2026\/03\/26370a12-e6f7-41e4-8268-a511e46d99ee-removebg-preview-18x10.png 18w\" sizes=\"auto, (max-width: 666px) 100vw, 666px\" \/><\/figure>\n\n\n\n<figure data-spectra-id=\"spectra-mmvy9d3y-bqgpjf\" class=\"wp-block-image size-large\"><img loading=\"lazy\" decoding=\"async\" width=\"375\" height=\"666\" data-id=\"1662\" src=\"https:\/\/hidraulikakarovic.com\/wp-content\/uploads\/2026\/03\/77ffa0b4-e85d-4dc1-b94d-8fa1dd49ab87-removebg-preview-1.png\" alt=\"pakerice poljoprivreda\" class=\"wp-image-1662\" title=\"Hay and Cornstalk Balers\" srcset=\"https:\/\/hidraulikakarovic.com\/wp-content\/uploads\/2026\/03\/77ffa0b4-e85d-4dc1-b94d-8fa1dd49ab87-removebg-preview-1.png 375w, https:\/\/hidraulikakarovic.com\/wp-content\/uploads\/2026\/03\/77ffa0b4-e85d-4dc1-b94d-8fa1dd49ab87-removebg-preview-1-169x300.png 169w, https:\/\/hidraulikakarovic.com\/wp-content\/uploads\/2026\/03\/77ffa0b4-e85d-4dc1-b94d-8fa1dd49ab87-removebg-preview-1-7x12.png 7w\" sizes=\"auto, (max-width: 375px) 100vw, 375px\" \/><\/figure>\n\n\n\n<figure data-spectra-id=\"spectra-mmvy9d49-p9g706\" class=\"wp-block-image size-large\"><img loading=\"lazy\" decoding=\"async\" width=\"666\" height=\"375\" data-id=\"1666\" src=\"https:\/\/hidraulikakarovic.com\/wp-content\/uploads\/2026\/03\/7fed6ddd-15fa-495c-8107-f146bf8d06b2-removebg-preview-1.png\" alt=\"pakerice za industriju\" class=\"wp-image-1666\" title=\"Hay and Cornstalk Balers\" srcset=\"https:\/\/hidraulikakarovic.com\/wp-content\/uploads\/2026\/03\/7fed6ddd-15fa-495c-8107-f146bf8d06b2-removebg-preview-1.png 666w, https:\/\/hidraulikakarovic.com\/wp-content\/uploads\/2026\/03\/7fed6ddd-15fa-495c-8107-f146bf8d06b2-removebg-preview-1-300x169.png 300w, https:\/\/hidraulikakarovic.com\/wp-content\/uploads\/2026\/03\/7fed6ddd-15fa-495c-8107-f146bf8d06b2-removebg-preview-1-18x10.png 18w\" sizes=\"auto, (max-width: 666px) 100vw, 666px\" \/><\/figure>\n\n\n\n<figure data-spectra-id=\"spectra-mmvy9d4l-mi64p6\" class=\"wp-block-image size-large\"><img loading=\"lazy\" decoding=\"async\" width=\"375\" height=\"666\" data-id=\"1669\" src=\"https:\/\/hidraulikakarovic.com\/wp-content\/uploads\/2026\/03\/5f3fb960-36f3-470b-856b-c34fe7d62ab8-removebg-preview-1.png\" alt=\"pakerice za ku\u0107ne ljubimce\" class=\"wp-image-1669\" title=\"Hay and Cornstalk Balers\" srcset=\"https:\/\/hidraulikakarovic.com\/wp-content\/uploads\/2026\/03\/5f3fb960-36f3-470b-856b-c34fe7d62ab8-removebg-preview-1.png 375w, https:\/\/hidraulikakarovic.com\/wp-content\/uploads\/2026\/03\/5f3fb960-36f3-470b-856b-c34fe7d62ab8-removebg-preview-1-169x300.png 169w, https:\/\/hidraulikakarovic.com\/wp-content\/uploads\/2026\/03\/5f3fb960-36f3-470b-856b-c34fe7d62ab8-removebg-preview-1-7x12.png 7w\" sizes=\"auto, (max-width: 375px) 100vw, 375px\" \/><\/figure>\n\n\n\n<figure data-spectra-id=\"spectra-mmvy9d4w-ki3a7j\" class=\"wp-block-image size-large\"><img loading=\"lazy\" decoding=\"async\" width=\"375\" height=\"666\" data-id=\"1667\" src=\"https:\/\/hidraulikakarovic.com\/wp-content\/uploads\/2026\/03\/4deb543f-c527-4e43-b1d3-80be8d2e2970-removebg-preview-1.png\" alt=\"pakerice za pet shop\" class=\"wp-image-1667\" title=\"Hay and Cornstalk Balers\" srcset=\"https:\/\/hidraulikakarovic.com\/wp-content\/uploads\/2026\/03\/4deb543f-c527-4e43-b1d3-80be8d2e2970-removebg-preview-1.png 375w, https:\/\/hidraulikakarovic.com\/wp-content\/uploads\/2026\/03\/4deb543f-c527-4e43-b1d3-80be8d2e2970-removebg-preview-1-169x300.png 169w, https:\/\/hidraulikakarovic.com\/wp-content\/uploads\/2026\/03\/4deb543f-c527-4e43-b1d3-80be8d2e2970-removebg-preview-1-7x12.png 7w\" sizes=\"auto, (max-width: 375px) 100vw, 375px\" \/><\/figure>\n\n\n\n<figure data-spectra-id=\"spectra-mmvy9d58-4jbcux\" class=\"wp-block-image size-large\"><img loading=\"lazy\" decoding=\"async\" width=\"666\" height=\"375\" data-id=\"1664\" src=\"https:\/\/hidraulikakarovic.com\/wp-content\/uploads\/2026\/03\/4d079684-3dcc-4ec6-b3dd-37add09c9e42-removebg-preview-1.png\" alt=\"pakerice za seno za hr\u010dkove\" class=\"wp-image-1664\" title=\"Hay and Cornstalk Balers\" srcset=\"https:\/\/hidraulikakarovic.com\/wp-content\/uploads\/2026\/03\/4d079684-3dcc-4ec6-b3dd-37add09c9e42-removebg-preview-1.png 666w, https:\/\/hidraulikakarovic.com\/wp-content\/uploads\/2026\/03\/4d079684-3dcc-4ec6-b3dd-37add09c9e42-removebg-preview-1-300x169.png 300w, https:\/\/hidraulikakarovic.com\/wp-content\/uploads\/2026\/03\/4d079684-3dcc-4ec6-b3dd-37add09c9e42-removebg-preview-1-18x10.png 18w\" sizes=\"auto, (max-width: 666px) 100vw, 666px\" \/><\/figure>\n\n\n\n<figure data-spectra-id=\"spectra-mmvy9d5m-eoh041\" class=\"wp-block-image size-large\"><img loading=\"lazy\" decoding=\"async\" width=\"375\" height=\"666\" data-id=\"1665\" src=\"https:\/\/hidraulikakarovic.com\/wp-content\/uploads\/2026\/03\/3fca1aba-129c-43e5-b98f-4d3f479c6c10-removebg-preview-1.png\" alt=\"pakerice za seno za ze\u010deve\" class=\"wp-image-1665\" title=\"Hay and Cornstalk Balers\" srcset=\"https:\/\/hidraulikakarovic.com\/wp-content\/uploads\/2026\/03\/3fca1aba-129c-43e5-b98f-4d3f479c6c10-removebg-preview-1.png 375w, https:\/\/hidraulikakarovic.com\/wp-content\/uploads\/2026\/03\/3fca1aba-129c-43e5-b98f-4d3f479c6c10-removebg-preview-1-169x300.png 169w, https:\/\/hidraulikakarovic.com\/wp-content\/uploads\/2026\/03\/3fca1aba-129c-43e5-b98f-4d3f479c6c10-removebg-preview-1-7x12.png 7w\" sizes=\"auto, (max-width: 375px) 100vw, 375px\" \/><\/figure>\n\n\n\n<figure data-spectra-id=\"spectra-mmvy9d5x-njlu17\" class=\"wp-block-image size-large\"><img loading=\"lazy\" decoding=\"async\" width=\"375\" height=\"666\" data-id=\"1670\" src=\"https:\/\/hidraulikakarovic.com\/wp-content\/uploads\/2026\/03\/3fb923a7-8dac-4fd5-a2d5-8fda80807368-removebg-preview-1.png\" alt=\"pakerice za seno za morsko prase\" class=\"wp-image-1670\" title=\"Hay and Cornstalk Balers\" srcset=\"https:\/\/hidraulikakarovic.com\/wp-content\/uploads\/2026\/03\/3fb923a7-8dac-4fd5-a2d5-8fda80807368-removebg-preview-1.png 375w, https:\/\/hidraulikakarovic.com\/wp-content\/uploads\/2026\/03\/3fb923a7-8dac-4fd5-a2d5-8fda80807368-removebg-preview-1-169x300.png 169w, https:\/\/hidraulikakarovic.com\/wp-content\/uploads\/2026\/03\/3fb923a7-8dac-4fd5-a2d5-8fda80807368-removebg-preview-1-7x12.png 7w\" sizes=\"auto, (max-width: 375px) 100vw, 375px\" \/><\/figure>\n<\/figure>\n\n\n\n<div class=\"wp-block-buttons is-layout-flex wp-block-buttons-is-layout-flex\">\n<div class=\"wp-block-button\"><a class=\"wp-block-button__link has-ast-global-color-5-color has-vivid-red-background-color has-text-color has-background has-link-color wp-element-button\" href=\"https:\/\/hidraulikakarovic.com\/en\/kontakt\/\">SEND AN INQUIRY<\/a><\/div>\n<\/div>","protected":false},"excerpt":{"rendered":"<p>PAKERICE ZA SENO I \u0160U\u0160KU Pakerice za seno i \u0161u\u0161ku namenjene za pet shop tr\u017ei\u0161te predstavljaju idealno re\u0161enje za proizvo\u0111a\u010de koji \u017eele da svoje proizvode plasiraju kao gotov, upakovan proizvod za ku\u0107ne ljubimce. Ovakav pristup omogu\u0107ava prelazak sa prodaje sirovine na prodaju finalnog proizvoda sa znatno ve\u0107om tr\u017ei\u0161nom vredno\u0161\u0107u. Ove ma\u0161ine omogu\u0107avaju sabijanje sena i [&hellip;]<\/p>\n","protected":false},"author":1,"featured_media":0,"parent":0,"menu_order":0,"comment_status":"closed","ping_status":"closed","template":"","meta":{"_uag_custom_page_level_css":"","site-sidebar-layout":"default","site-content-layout":"","ast-site-content-layout":"default","site-content-style":"default","site-sidebar-style":"default","ast-global-header-display":"","ast-banner-title-visibility":"","ast-main-header-display":"","ast-hfb-above-header-display":"","ast-hfb-below-header-display":"","ast-hfb-mobile-header-display":"","site-post-title":"disabled","ast-breadcrumbs-content":"","ast-featured-img":"","footer-sml-layout":"","ast-disable-related-posts":"","theme-transparent-header-meta":"","adv-header-id-meta":"","stick-header-meta":"","header-above-stick-meta":"","header-main-stick-meta":"","header-below-stick-meta":"","astra-migrate-meta-layouts":"set","ast-page-background-enabled":"default","ast-page-background-meta":{"desktop":{"background-color":"","background-image":"","background-repeat":"repeat","background-position":"center center","background-size":"auto","background-attachment":"scroll","background-type":"","background-media":"","overlay-type":"","overlay-color":"","overlay-opacity":"","overlay-gradient":""},"tablet":{"background-color":"","background-image":"","background-repeat":"repeat","background-position":"center center","background-size":"auto","background-attachment":"scroll","background-type":"","background-media":"","overlay-type":"","overlay-color":"","overlay-opacity":"","overlay-gradient":""},"mobile":{"background-color":"","background-image":"","background-repeat":"repeat","background-position":"center center","background-size":"auto","background-attachment":"scroll","background-type":"","background-media":"","overlay-type":"","overlay-color":"","overlay-opacity":"","overlay-gradient":""}},"ast-content-background-meta":{"desktop":{"background-color":"var(--ast-global-color-5)","background-image":"","background-repeat":"repeat","background-position":"center center","background-size":"auto","background-attachment":"scroll","background-type":"","background-media":"","overlay-type":"","overlay-color":"","overlay-opacity":"","overlay-gradient":""},"tablet":{"background-color":"var(--ast-global-color-5)","background-image":"","background-repeat":"repeat","background-position":"center center","background-size":"auto","background-attachment":"scroll","background-type":"","background-media":"","overlay-type":"","overlay-color":"","overlay-opacity":"","overlay-gradient":""},"mobile":{"background-color":"var(--ast-global-color-5)","background-image":"","background-repeat":"repeat","background-position":"center center","background-size":"auto","background-attachment":"scroll","background-type":"","background-media":"","overlay-type":"","overlay-color":"","overlay-opacity":"","overlay-gradient":""}},"footnotes":""},"class_list":["post-1621","page","type-page","status-publish","hentry"],"_hostinger_reach_plugin_has_subscription_block":false,"_hostinger_reach_plugin_is_elementor":false,"uagb_featured_image_src":{"full":false,"thumbnail":false,"medium":false,"medium_large":false,"large":false,"1536x1536":false,"2048x2048":false,"trp-custom-language-flag":false},"uagb_author_info":{"display_name":"jocanole02@gmail.com","author_link":"https:\/\/hidraulikakarovic.com\/en\/author\/jocanole02gmail-com\/"},"uagb_comment_info":0,"uagb_excerpt":"PAKERICE ZA SENO I \u0160U\u0160KU Pakerice za seno i \u0161u\u0161ku namenjene za pet shop tr\u017ei\u0161te predstavljaju idealno re\u0161enje za proizvo\u0111a\u010de koji \u017eele da svoje proizvode plasiraju kao gotov, upakovan proizvod za ku\u0107ne ljubimce. Ovakav pristup omogu\u0107ava prelazak sa prodaje sirovine na prodaju finalnog proizvoda sa znatno ve\u0107om tr\u017ei\u0161nom vredno\u0161\u0107u. Ove ma\u0161ine omogu\u0107avaju sabijanje sena i&hellip;","_links":{"self":[{"href":"https:\/\/hidraulikakarovic.com\/en\/wp-json\/wp\/v2\/pages\/1621","targetHints":{"allow":["GET"]}}],"collection":[{"href":"https:\/\/hidraulikakarovic.com\/en\/wp-json\/wp\/v2\/pages"}],"about":[{"href":"https:\/\/hidraulikakarovic.com\/en\/wp-json\/wp\/v2\/types\/page"}],"author":[{"embeddable":true,"href":"https:\/\/hidraulikakarovic.com\/en\/wp-json\/wp\/v2\/users\/1"}],"replies":[{"embeddable":true,"href":"https:\/\/hidraulikakarovic.com\/en\/wp-json\/wp\/v2\/comments?post=1621"}],"version-history":[{"count":5,"href":"https:\/\/hidraulikakarovic.com\/en\/wp-json\/wp\/v2\/pages\/1621\/revisions"}],"predecessor-version":[{"id":1827,"href":"https:\/\/hidraulikakarovic.com\/en\/wp-json\/wp\/v2\/pages\/1621\/revisions\/1827"}],"wp:attachment":[{"href":"https:\/\/hidraulikakarovic.com\/en\/wp-json\/wp\/v2\/media?parent=1621"}],"curies":[{"name":"wp","href":"https:\/\/api.w.org\/{rel}","templated":true}]}}