{"id":494,"date":"2026-03-04T11:10:47","date_gmt":"2026-03-04T11:10:47","guid":{"rendered":"https:\/\/chocolate-giraffe-524086.hostingersite.com\/home\/"},"modified":"2026-03-19T22:05:44","modified_gmt":"2026-03-19T22:05:44","slug":"home","status":"publish","type":"page","link":"https:\/\/hidraulikakarovic.com\/en\/","title":{"rendered":"Hidrauli\u010dne prese, cepa\u010di i industrijske ma\u0161ine"},"content":{"rendered":"<div data-spectra-id=\"b4bdb975\"\tstyle=\"overflow: visible; --spectra-background-color: var(--ast-global-color-2); --spectra-overlay-opacity: 0.5;\" class=\"spectra-is-root-container alignfull spectra-overlay-color spectra-overflow spectra-background-color spectra-dim-ratio wp-block-spectra-container\" data-orientation=\"vertical\"\t>\n\t\n\t<h1 data-spectra-id=\"spectra-3b7e0e21-title\" style=\"--spectra-text-color: #ffffff\" class=\"has-text-color spectra-text-color wp-block-spectra-content has-text-color has-ffffff-color\">\n\t\tHidraulika Karovi\u0107\t<\/h1>\n\n\n<div data-spectra-id=\"spectra-3b7e0e21-buttons\" class=\"wp-block-button spectra-buttons wp-block-spectra-buttons\">\n\t\n<a data-spectra-id=\"spectra-3b7e0e21-button\" href=\"https:\/\/hidraulikakarovic.com\/en\/proizvodi\/\" target=\"_self\" aria-label=\"View Our Products\" style=\"--spectra-background-color: vivid-red\" class=\"wp-block-button__link wp-element-button spectra-background-color wp-block-spectra-button has-background has-vivid-red-background-color\">\n<div class=\"spectra-button__link\">View Our Products<\/div><\/a>\n\n\n\n<\/div>\n\n\n<div data-spectra-id=\"spectra-mh0btnno-zyxfri\" style=\"overflow: visible\" class=\"spectra-overlay-color spectra-overflow wp-block-spectra-container\" data-orientation=\"vertical\">\n\t\n<div data-spectra-id=\"62f0ec94\" style=\"--spectra-text-color: #ffffff\" class=\"spectra-text-color aligncenter  wp-block-spectra-icon\">\n\t\t\t\t\t\t<svg class=\"spectra-icon\" xmlns=\"https:\/\/www.w3.org\/2000\/svg\" viewbox=\"0 0 320 512\" focusable=\"false\" style=\"fill: currentColor\" role=\"graphics-symbol\" aria-hidden=\"false\" aria-label=\"An icon named down-long\"><path d=\"M281.6 392.3l-104 112.1c-9.498 10.24-25.69 10.24-35.19 0l-104-112.1c-6.484-6.992-8.219-17.18-4.404-25.94c3.811-8.758 12.45-14.42 21.1-14.42H128V32c0-17.69 14.33-32 32-32S192 14.31 192 32v319.9h72c9.547 0 18.19 5.66 22 14.42C289.8 375.1 288.1 385.3 281.6 392.3z\"><\/path><\/svg>\n\t\t\t\t<\/div>\n\n<\/div>\n\n<\/div>\n\n\n<div data-spectra-id=\"a9605dcc\"\tstyle=\"overflow: visible; --spectra-text-color: ast-global-color-5; --spectra-text-color-hover: #ffffff; --spectra-background-color-hover: var(--ast-global-color-8); --spectra-background-color: #000000; --spectra-overlay-opacity: 1;\" class=\"spectra-is-root-container alignfull spectra-overlay-color spectra-overflow spectra-text-color spectra-text-color-hover spectra-background-color-hover spectra-background-color spectra-dim-ratio  wp-elements-5df3ef48f7af9d409cc9e52f2c65e6a9 wp-block-spectra-container has-text-color has-ast-global-color-5-color\" data-orientation=\"vertical\"\t>\n\t\n\t<h5 data-spectra-id=\"spectra-04f073f9-prefix\" style=\"--spectra-text-color: var(--ast-global-color-2)\" class=\"has-text-color spectra-text-color wp-block-spectra-content has-text-color has-var-ast-global-color-2-color\">\n\t\tABOUT US\t<\/h5>\n\n\n\n<p class=\"translation-block\">Hidraulika Karovi\u0107 specializes in manufacturing hydraulic baling presses for cardboard, PET packaging, and plastic film, as well as producing hydraulic wood splitters and other hydraulic systems.<\/p>\n\n\n\n<p class=\"translation-block\">Within our product range, we also manufacture fruit presses, hay and cornstalk balers, as well as scissor lifts, tailored to various industrial and agricultural needs.<\/p>\n\n\n\n<p>Our hydraulic presses represent a reliable solution for industry and recycling.<\/p>\n\n\n\n<p>Our machines are used in various industries where efficient material handling and increased productivity are required. We place special emphasis on build quality and long service life of the equipment.<\/p>\n\n\n\n<p>Thanks to our experience and flexible approach, we offer solutions that are reliable, durable, and fully tailored to our customers\u2019 requirements.<\/p>\n\n\n<div data-spectra-id=\"spectra-04f073f9-btns\" class=\"wp-block-button spectra-buttons wp-block-spectra-buttons\">\n\t\n<a data-spectra-id=\"spectra-04f073f9-btn\" href=\"https:\/\/hidraulikakarovic.com\/en\/about\/\" target=\"_self\" aria-label=\"MORE ABOUT US\" style=\"--spectra-background-color: vivid-red\" class=\"wp-block-button__link wp-element-button spectra-background-color wp-block-spectra-button has-background has-vivid-red-background-color\">\n<div class=\"spectra-button__link\">MORE ABOUT US<\/div><\/a>\n\n<\/div>\n\n<\/div>\n\n\n<div data-spectra-id=\"00d4defe\"\tstyle=\"overflow: visible; --spectra-text-color: ast-global-color-7; --spectra-text-color-hover: #ffffff; --spectra-background-color-hover: #000000; --spectra-background-color: var(--ast-global-color-8); --spectra-overlay-opacity: 0.65; --spectra-box-shadow: 0px 0px 0px 0px transparent;\" class=\"spectra-is-root-container alignfull spectra-overlay-color spectra-overflow spectra-text-color spectra-text-color-hover spectra-background-color-hover spectra-background-color spectra-dim-ratio spectra-box-shadow  wp-elements-da350fca07d1e65beb4c29d40d552110 wp-block-spectra-container has-text-color has-ast-global-color-7-color\" data-orientation=\"vertical\"\t>\n\t\n<div data-spectra-id=\"spectra-mh0ce853-9nhkb1\" style=\"overflow: visible;--spectra-text-color: white;--spectra-text-color-hover: #ffffff;--spectra-background-color-hover: var(--ast-global-color-8);--spectra-background-color: var(--ast-global-color-8)\" class=\"spectra-overlay-color spectra-overflow spectra-text-color spectra-text-color-hover spectra-background-color-hover spectra-background-color wp-elements-14d0ab2e734c0f52b88c245fc9094831 wp-block-spectra-container has-text-color has-white-color\" data-orientation=\"vertical\">\n\t\n<div data-spectra-id=\"0ff6e26b\" style=\"overflow: visible;--spectra-overlay-opacity: 1\" class=\"spectra-overlay-color spectra-overflow spectra-dim-ratio wp-block-spectra-container\" data-orientation=\"vertical\">\n\t\n\t<h2 data-spectra-id=\"spectra-a18047a9-prefix\" style=\"--spectra-text-color: var(--ast-global-color-5)\" class=\"has-text-color spectra-text-color wp-block-spectra-content has-text-color has-var-ast-global-color-5-color\">\n\t\t<strong>PRODUCT PROGRAM<\/strong>\t<\/h2>\n\n\n\n<h2 class=\"wp-block-heading\">Hydraulic presses and industrial machines<\/h2>\n\n\n\n<p class=\"has-ast-global-color-7-color has-text-color has-link-color wp-elements-421d05f0453619a8dbd568ad10097fe2\">We manufacture hydraulic baling presses for cardboard, PET packaging, plastic film, foam, textiles, and BIG-BAG bags, as well as hydraulic power units for various applications, firewood splitters, and fruit presses. In addition, we produce hydraulic balers for hay and cornstalks for pet use, as well as hydraulic scissor lifts and workshop presses.<\/p>\n\n\n<div data-spectra-id=\"spectra-a18047a9-separator\" style=\"display: flex;justify-content: flex-start\" class=\"wp-block-spectra-separator spectra-separator-color wp-block-spectra-separator\">\n\t<div class=\"spectra-separator-line\" style=\"margin-right: auto;background-color: #f9f8f8\"><\/div>\n<\/div>\n\n\n\t<h4 data-spectra-id=\"spectra-65e4fed4-title\" style=\"--spectra-text-color: ast-global-color-5\" class=\"has-text-color has-link-color spectra-text-color  wp-elements-d5155542bf0a9aa36351370352d21697 wp-block-spectra-content has-text-color has-ast-global-color-5-color\">\n\t\tBALING PRESSES\t<\/h4>\n\n\n\n<p class=\"has-ast-global-color-7-color has-text-color has-link-color wp-elements-da9899952918e43e03075b922ee90898\">Hydraulic presses designed for baling cardboard packaging, PET packaging, plastic film, foam, textiles, and other materials in retail stores, warehouses, manufacturing facilities, and recycling centers.<\/p>\n\n\n\n<div class=\"wp-block-buttons is-layout-flex wp-block-buttons-is-layout-flex\">\n<div class=\"wp-block-button\"><a class=\"wp-block-button__link has-vivid-red-background-color has-background wp-element-button\" href=\"https:\/\/hidraulikakarovic.com\/en\/presa-za-baliranje-kartona-pet-ambalaze\/\">BALING PRESSES<\/a><\/div>\n<\/div>\n\n\n<div data-spectra-id=\"spectra-65e4fed4-sep\" style=\"display: flex;justify-content: center\" class=\"wp-block-spectra-separator spectra-separator-color wp-block-spectra-separator\">\n\t<div class=\"spectra-separator-line\" style=\"margin-left: auto;margin-right: auto;background-color: #f9f8f8\"><\/div>\n<\/div>\n\n\n\t<h4 data-spectra-id=\"spectra-title-30505766\" style=\"--spectra-text-color: ast-global-color-5\" class=\"has-text-color has-link-color spectra-text-color  wp-elements-e52945f795522cb7a5f886cf7ddc76d7 wp-block-spectra-content has-text-color has-ast-global-color-5-color\">\n\t\tHYDRAULIC POWER UNITS\t<\/h4>\n\n\n\t<p data-spectra-id=\"spectra-desc-30505766\" style=\"--spectra-text-color: ast-global-color-7\" class=\"has-text-color has-link-color spectra-text-color  wp-elements-812a9c87776823c7cd5083c1ee28e257 wp-block-spectra-content has-text-color has-ast-global-color-7-color\">\n\t\tHydraulic power units for various applications. We design hydraulic systems according to customer requirements. \t<\/p>\n\n\n\n<div class=\"wp-block-buttons is-layout-flex wp-block-buttons-is-layout-flex\">\n<div class=\"wp-block-button\"><a class=\"wp-block-button__link has-vivid-red-background-color has-background wp-element-button\" href=\"https:\/\/hidraulikakarovic.com\/en\/agregati\/\">Hydraulic power units<\/a><\/div>\n<\/div>\n\n\n<div data-spectra-id=\"spectra-sep-30505766\" style=\"display: flex;justify-content: flex-start\" class=\"wp-block-spectra-separator spectra-separator-color wp-block-spectra-separator\">\n\t<div class=\"spectra-separator-line\" style=\"margin-right: auto;background-color: #f9f8f8\"><\/div>\n<\/div>\n\n\n\t<h4 data-spectra-id=\"spectra-7006b63e-title\" style=\"--spectra-text-color: ast-global-color-5\" class=\"has-text-color has-link-color spectra-text-color  wp-elements-0d96ee9b4afef7c81c96f2b14cbe434f wp-block-spectra-content has-text-color has-ast-global-color-5-color\">\n\t\tWOOD SPLITTERS\t<\/h4>\n\n\n\n<p class=\"has-ast-global-color-7-color has-text-color has-link-color wp-elements-a739ae57861fbe69c05737efe3bf4395\">Hydraulic splitters for fast and efficient wood splitting, intended for both household and professional use.<\/p>\n\n\n\n<div class=\"wp-block-buttons is-layout-flex wp-block-buttons-is-layout-flex\">\n<div class=\"wp-block-button\"><a class=\"wp-block-button__link has-vivid-red-background-color has-background wp-element-button\" href=\"https:\/\/hidraulikakarovic.com\/en\/cepaci-za-drva\/\">Wood Splitters<\/a><\/div>\n<\/div>\n\n\n<div data-spectra-id=\"spectra-70ef7f7b-2d7e-4135-9485-20ad5fe18577\" style=\"display: flex;justify-content: flex-start\" class=\"wp-block-spectra-separator spectra-separator-color wp-block-spectra-separator\">\n\t<div class=\"spectra-separator-line\" style=\"margin-right: auto;background-color: #f9f8f8\"><\/div>\n<\/div>\n\n\n\n<h4 class=\"wp-block-heading\"><strong>FRUIT PRESSES<\/strong><\/h4>\n\n\n\n<p>Hydraulic presses for fruit pressing and producing natural, sugar-free juice.<\/p>\n\n\n\n<div class=\"wp-block-buttons is-layout-flex wp-block-buttons-is-layout-flex\">\n<div class=\"wp-block-button\"><a class=\"wp-block-button__link has-vivid-red-background-color has-background wp-element-button\" href=\"https:\/\/hidraulikakarovic.com\/en\/prese-za-cedjenje-voca\/\">FRUIT PRESSES<\/a><\/div>\n<\/div>\n\n\n<div data-spectra-id=\"spectra-f9908d06-3319-434f-bec8-ca33a16561b9\" style=\"display: flex;justify-content: flex-start\" class=\"wp-block-spectra-separator spectra-separator-color wp-block-spectra-separator\">\n\t<div class=\"spectra-separator-line\" style=\"margin-right: auto;background-color: #f9f8f8\"><\/div>\n<\/div>\n\n\n\n<h4 class=\"wp-block-heading translation-block\">HYDRAULIC HAY AND CORNSTALK BALERS<\/h4>\n\n\n\n<p>Hydraulic hay and cornstalk balers are designed for packaging these materials into plastic bags, which are then sold in stores as bedding or food for pets.<\/p>\n\n\n\n<div class=\"wp-block-buttons is-layout-flex wp-block-buttons-is-layout-flex\">\n<div class=\"wp-block-button\"><a class=\"wp-block-button__link has-vivid-red-background-color has-background wp-element-button\" href=\"https:\/\/hidraulikakarovic.com\/en\/pakerice-za-seno-i-susku\/\">hydraulic hay and cornstalk balers<\/a><\/div>\n<\/div>\n\n\n<div data-spectra-id=\"spectra-497c67ec-60db-454f-97a9-fe3ee8793a33\" style=\"display: flex;justify-content: flex-start\" class=\"wp-block-spectra-separator spectra-separator-color wp-block-spectra-separator\">\n\t<div class=\"spectra-separator-line\" style=\"margin-right: auto;background-color: #f9f8f8\"><\/div>\n<\/div>\n\n<\/div>\n\n\n<div data-spectra-id=\"spectra-038e4f59-root\" style=\"overflow: visible;--spectra-text-color: ast-global-color-5\" class=\"spectra-overlay-color spectra-overflow spectra-text-color  wp-elements-2bec707467c616458d4a0f1863222b74 wp-block-spectra-container has-text-color has-ast-global-color-5-color\" data-orientation=\"vertical\">\n\t\n<div data-spectra-id=\"spectra-c26f9f1f-2563-4795-8fb2-f6a3623cf0ee\" style=\"display: flex;justify-content: flex-start\" class=\"wp-block-spectra-separator spectra-separator-color wp-block-spectra-separator\">\n\t<div class=\"spectra-separator-line\" style=\"margin-right: auto;background-color: #f9f8f8\"><\/div>\n<\/div>\n\n\n\n<h4 class=\"wp-block-heading has-white-color has-ast-global-color-8-background-color has-text-color has-background has-link-color wp-elements-162ac089ca408081a28434be45cdd48f\"><strong>HYDRAULIC SCISSOR LIFTS<\/strong><\/h4>\n\n\n\n<p class=\"has-text-align-left has-white-color has-ast-global-color-8-background-color has-text-color has-background has-link-color wp-elements-7585b1a95de78e6665b27e312159cbf1\">Hydraulic scissor lifts for loading and unloading various types of cargo from trucks and other delivery vehicles.<\/p>\n\n\n\n<div class=\"wp-block-buttons is-layout-flex wp-block-buttons-is-layout-flex\">\n<div class=\"wp-block-button\"><a class=\"wp-block-button__link has-vivid-red-background-color has-background wp-element-button\" href=\"https:\/\/hidraulikakarovic.com\/en\/makazaste-platforme\/\">SCISSOR LIFTS<\/a><\/div>\n<\/div>\n\n\n<div data-spectra-id=\"spectra-3b9f3456-3d33-4cb7-929b-4ca04298bf65\" style=\"display: flex;justify-content: flex-start\" class=\"wp-block-spectra-separator spectra-separator-color wp-block-spectra-separator\">\n\t<div class=\"spectra-separator-line\" style=\"margin-right: auto;background-color: #f9f8f8\"><\/div>\n<\/div>\n\n\n\n<h4 class=\"wp-block-heading has-white-color has-ast-global-color-8-background-color has-text-color has-background has-link-color wp-elements-7e2c2ccc55fb7086d537509f08c09e69\"><strong>WORKSHOP PRESSES<\/strong><\/h4>\n\n\n\n<p class=\"has-white-color has-ast-global-color-8-background-color has-text-color has-background has-link-color wp-elements-dace8893aef4e1939411fe1f4a5ac159\">Workshop presses for auto service centers and automotive repair shops.<\/p>\n\n\n\n<div class=\"wp-block-buttons is-layout-flex wp-block-buttons-is-layout-flex\">\n<div class=\"wp-block-button\"><a class=\"wp-block-button__link has-vivid-red-background-color has-background wp-element-button\" href=\"https:\/\/hidraulikakarovic.com\/en\/radionicke-prese\/\">WORKSHOP PRESSES<\/a><\/div>\n<\/div>\n\n\n<div data-spectra-id=\"spectra-fea98656-215a-490e-8280-96ce2b548b16\" style=\"display: flex;justify-content: flex-start\" class=\"wp-block-spectra-separator spectra-separator-color wp-block-spectra-separator\">\n\t<div class=\"spectra-separator-line\" style=\"margin-right: auto;background-color: #f9f8f8\"><\/div>\n<\/div>\n\n\n<div data-spectra-id=\"spectra-038e4f59-buttons\" class=\"wp-block-button spectra-buttons wp-block-spectra-buttons\">\n\t\n<a data-spectra-id=\"spectra-038e4f59-btn\" href=\"https:\/\/hidraulikakarovic.com\/en\/proizvodi\/\" target=\"_self\" aria-label=\"View Our Products\" style=\"--spectra-background-color: vivid-red\" class=\"wp-block-button__link wp-element-button spectra-background-color wp-block-spectra-button has-background has-vivid-red-background-color\">\n<div class=\"spectra-button__link\">View Our Products<\/div><\/a>\n\n<\/div>\n\n\n\n<figure data-spectra-id=\"spectra-mmxey0dp-riinz4\" class=\"wp-block-image size-medium\"><img loading=\"lazy\" decoding=\"async\" width=\"300\" height=\"169\" src=\"https:\/\/hidraulikakarovic.com\/wp-content\/uploads\/2026\/03\/7fed6ddd-15fa-495c-8107-f146bf8d06b2-removebg-preview-300x169.png\" alt=\"pakerice za seno i \u0161u\u0161ku\" class=\"wp-image-1714\" title=\"Hidrauli\u010dne prese, cepa\u010di i industrijske ma\u0161ine\" srcset=\"https:\/\/hidraulikakarovic.com\/wp-content\/uploads\/2026\/03\/7fed6ddd-15fa-495c-8107-f146bf8d06b2-removebg-preview-300x169.png 300w, https:\/\/hidraulikakarovic.com\/wp-content\/uploads\/2026\/03\/7fed6ddd-15fa-495c-8107-f146bf8d06b2-removebg-preview-18x10.png 18w, https:\/\/hidraulikakarovic.com\/wp-content\/uploads\/2026\/03\/7fed6ddd-15fa-495c-8107-f146bf8d06b2-removebg-preview.png 666w\" sizes=\"auto, (max-width: 300px) 100vw, 300px\" \/><\/figure>\n\n\n\n<figure data-spectra-id=\"spectra-mmxeysuj-lpilo9\" class=\"wp-block-image size-medium\"><img loading=\"lazy\" decoding=\"async\" width=\"169\" height=\"300\" src=\"https:\/\/hidraulikakarovic.com\/wp-content\/uploads\/2026\/03\/WhatsApp_Image_2026-03-13_at_21.11.19-removebg-preview-1-169x300.png\" alt=\"hidrauli\u010dne prese za baliranje\" class=\"wp-image-1577\" title=\"Hidrauli\u010dne prese, cepa\u010di i industrijske ma\u0161ine\" srcset=\"https:\/\/hidraulikakarovic.com\/wp-content\/uploads\/2026\/03\/WhatsApp_Image_2026-03-13_at_21.11.19-removebg-preview-1-169x300.png 169w, https:\/\/hidraulikakarovic.com\/wp-content\/uploads\/2026\/03\/WhatsApp_Image_2026-03-13_at_21.11.19-removebg-preview-1-7x12.png 7w, https:\/\/hidraulikakarovic.com\/wp-content\/uploads\/2026\/03\/WhatsApp_Image_2026-03-13_at_21.11.19-removebg-preview-1.png 375w\" sizes=\"auto, (max-width: 169px) 100vw, 169px\" \/><\/figure>\n\n\n\n<figure data-spectra-id=\"spectra-mmxez74f-2isn9s\" class=\"wp-block-image size-medium\"><img loading=\"lazy\" decoding=\"async\" width=\"169\" height=\"300\" src=\"https:\/\/hidraulikakarovic.com\/wp-content\/uploads\/2026\/03\/WhatsApp_Image_2026-03-13_at_20.34.39__1_-removebg-preview-2-169x300.png\" alt=\"hidrauli\u010dki cepa\u010di za drva\" class=\"wp-image-1716\" title=\"Hidrauli\u010dne prese, cepa\u010di i industrijske ma\u0161ine\" srcset=\"https:\/\/hidraulikakarovic.com\/wp-content\/uploads\/2026\/03\/WhatsApp_Image_2026-03-13_at_20.34.39__1_-removebg-preview-2-169x300.png 169w, https:\/\/hidraulikakarovic.com\/wp-content\/uploads\/2026\/03\/WhatsApp_Image_2026-03-13_at_20.34.39__1_-removebg-preview-2-7x12.png 7w, https:\/\/hidraulikakarovic.com\/wp-content\/uploads\/2026\/03\/WhatsApp_Image_2026-03-13_at_20.34.39__1_-removebg-preview-2.png 375w\" sizes=\"auto, (max-width: 169px) 100vw, 169px\" \/><\/figure>\n\n<\/div>\n\n<\/div>\n\n<\/div>","protected":false},"excerpt":{"rendered":"","protected":false},"author":1,"featured_media":0,"parent":0,"menu_order":0,"comment_status":"closed","ping_status":"closed","template":"","meta":{"_uag_custom_page_level_css":"","site-sidebar-layout":"no-sidebar","site-content-layout":"plain-container","ast-site-content-layout":"normal-width-container","site-content-style":"unboxed","site-sidebar-style":"unboxed","ast-global-header-display":"","ast-banner-title-visibility":"","ast-main-header-display":"","ast-hfb-above-header-display":"","ast-hfb-below-header-display":"","ast-hfb-mobile-header-display":"","site-post-title":"disabled","ast-breadcrumbs-content":"","ast-featured-img":"disabled","footer-sml-layout":"","ast-disable-related-posts":"","theme-transparent-header-meta":"enabled","adv-header-id-meta":"","stick-header-meta":"","header-above-stick-meta":"","header-main-stick-meta":"","header-below-stick-meta":"","astra-migrate-meta-layouts":"set","ast-page-background-enabled":"default","ast-page-background-meta":{"desktop":{"background-color":"","background-image":"","background-repeat":"repeat","background-position":"center center","background-size":"auto","background-attachment":"scroll","background-type":"","background-media":"","overlay-type":"","overlay-color":"","overlay-opacity":"","overlay-gradient":""},"tablet":{"background-color":"","background-image":"","background-repeat":"repeat","background-position":"center center","background-size":"auto","background-attachment":"scroll","background-type":"","background-media":"","overlay-type":"","overlay-color":"","overlay-opacity":"","overlay-gradient":""},"mobile":{"background-color":"","background-image":"","background-repeat":"repeat","background-position":"center center","background-size":"auto","background-attachment":"scroll","background-type":"","background-media":"","overlay-type":"","overlay-color":"","overlay-opacity":"","overlay-gradient":""}},"ast-content-background-meta":{"desktop":{"background-color":"var(--ast-global-color-5)","background-image":"","background-repeat":"repeat","background-position":"center center","background-size":"auto","background-attachment":"scroll","background-type":"","background-media":"","overlay-type":"","overlay-color":"","overlay-opacity":"","overlay-gradient":""},"tablet":{"background-color":"var(--ast-global-color-5)","background-image":"","background-repeat":"repeat","background-position":"center center","background-size":"auto","background-attachment":"scroll","background-type":"","background-media":"","overlay-type":"","overlay-color":"","overlay-opacity":"","overlay-gradient":""},"mobile":{"background-color":"var(--ast-global-color-5)","background-image":"","background-repeat":"repeat","background-position":"center center","background-size":"auto","background-attachment":"scroll","background-type":"","background-media":"","overlay-type":"","overlay-color":"","overlay-opacity":"","overlay-gradient":""}},"footnotes":""},"class_list":["post-494","page","type-page","status-publish","hentry"],"_hostinger_reach_plugin_has_subscription_block":false,"_hostinger_reach_plugin_is_elementor":false,"uagb_featured_image_src":{"full":false,"thumbnail":false,"medium":false,"medium_large":false,"large":false,"1536x1536":false,"2048x2048":false,"trp-custom-language-flag":false},"uagb_author_info":{"display_name":"jocanole02@gmail.com","author_link":"https:\/\/hidraulikakarovic.com\/en\/author\/jocanole02gmail-com\/"},"uagb_comment_info":0,"uagb_excerpt":null,"_links":{"self":[{"href":"https:\/\/hidraulikakarovic.com\/en\/wp-json\/wp\/v2\/pages\/494","targetHints":{"allow":["GET"]}}],"collection":[{"href":"https:\/\/hidraulikakarovic.com\/en\/wp-json\/wp\/v2\/pages"}],"about":[{"href":"https:\/\/hidraulikakarovic.com\/en\/wp-json\/wp\/v2\/types\/page"}],"author":[{"embeddable":true,"href":"https:\/\/hidraulikakarovic.com\/en\/wp-json\/wp\/v2\/users\/1"}],"replies":[{"embeddable":true,"href":"https:\/\/hidraulikakarovic.com\/en\/wp-json\/wp\/v2\/comments?post=494"}],"version-history":[{"count":63,"href":"https:\/\/hidraulikakarovic.com\/en\/wp-json\/wp\/v2\/pages\/494\/revisions"}],"predecessor-version":[{"id":1833,"href":"https:\/\/hidraulikakarovic.com\/en\/wp-json\/wp\/v2\/pages\/494\/revisions\/1833"}],"wp:attachment":[{"href":"https:\/\/hidraulikakarovic.com\/en\/wp-json\/wp\/v2\/media?parent=494"}],"curies":[{"name":"wp","href":"https:\/\/api.w.org\/{rel}","templated":true}]}}