{"id":495,"date":"2026-03-04T11:10:47","date_gmt":"2026-03-04T11:10:47","guid":{"rendered":"https:\/\/chocolate-giraffe-524086.hostingersite.com\/about\/"},"modified":"2026-03-19T16:09:36","modified_gmt":"2026-03-19T16:09:36","slug":"about","status":"publish","type":"page","link":"https:\/\/hidraulikakarovic.com\/en\/about\/","title":{"rendered":"About Us"},"content":{"rendered":"<div data-spectra-id=\"spectra-mmuwok2q-egup6b\" style=\"display: flex; justify-content: center; \" class=\"wp-block-spectra-separator wp-block-spectra-separator\">\n\t<div class=\"spectra-separator-line\" style=\"margin-left: auto; margin-right: auto; background-color: currentColor; \"><\/div>\n<\/div>\n\n\n<div data-spectra-id=\"spectra-mmuwppru-g0o9gp\" style=\"display: flex; justify-content: center; \" class=\"wp-block-spectra-separator wp-block-spectra-separator\">\n\t<div class=\"spectra-separator-line\" style=\"margin-left: auto; margin-right: auto; background-color: currentColor; \"><\/div>\n<\/div>\n\n\n\n<h2 class=\"wp-block-heading\" style=\"padding-top:var(--wp--preset--spacing--80);padding-bottom:var(--wp--preset--spacing--80)\">ABOUT US<\/h2>\n\n\n\n<p><strong><a href=\"https:\/\/hidraulikakarovic.com\/en\/\" data-type=\"page\" data-id=\"494\">Hidraulika Karovi\u0107<\/a> <\/strong>specializes in design and manufacturing <strong>hydraulic baling presses <\/strong>cardboard, PET packaging, and plastic film, as well as the manufacturing of <strong>hydraulic wood splitters<\/strong> and <strong>other hydraulic systems<\/strong>In addition, our offer also includes <strong>hydraulic fruit presses<\/strong> intended for fruit processing and the production of natural juices, <strong>hydraulic hay and cornstalk balers<\/strong> and <strong>hydraulic scissor lifts<\/strong>.<\/p>\n\n\n\n<p>Our company is based on <strong>many years of tradition and experience in the field of hydraulics and mechanical engineering<\/strong>with more than <strong>25 years of experience<\/strong> in the development and manufacturing of hydraulic systems. During this period, we have gained extensive practical knowledge in designing, building, and improving various hydraulic solutions intended for industry and material processing.<\/p>\n\n\n\n<p>Within the company operates <strong>a team of skilled professionals and engineers<\/strong> who contribute their knowledge and experience to the development and production of our machines. Thanks to this, we are able to offer our customers reliable and high-quality solutions tailored to their needs.<\/p>\n\n\n\n<p>Our products are intended for companies engaged in recycling, trade, industry, material processing, as well as producers involved in fruit processing, where there is a need for efficient material pressing and optimization of the production process.<\/p>\n\n\n\n<p>In the production process, we use <strong>high-quality components<\/strong> and <strong>proven technical solutions<\/strong> to ensure long-lasting and reliable operation of our machines. We pay special attention to solid construction, operational safety, and ease of use.<\/p>\n\n\n\n<p>Our products are manufactured according to customer requirements, with the possibility of customizing machine dimensions, power, and capacity.<\/p>\n\n\n\n<p>The goal of our company is to provide our customers with <strong>reliable and high-quality machines <\/strong>that will contribute to the long-term improvement of their business.<\/p>\n\n\n\n<hr class=\"wp-block-separator has-alpha-channel-opacity is-style-wide\"\/>\n\n\n\n<p class=\"has-text-align-center has-white-color has-ast-global-color-8-background-color has-text-color has-background has-link-color has-x-large-font-size wp-elements-054606ec57d35a5024ce38a775087554\"><strong>Our Experience in Numbers<\/strong><\/p>\n\n\n\n<div class=\"wp-block-columns has-white-color has-ast-global-color-8-background-color has-text-color has-background has-link-color wp-elements-613904bb5b80c8c7a3e193de6f9e1b3b is-layout-flex wp-container-core-columns-is-layout-eae17e81 wp-block-columns-is-layout-flex\" style=\"margin-top:var(--wp--preset--spacing--70);margin-bottom:var(--wp--preset--spacing--70)\">\n<div class=\"wp-block-column has-white-color has-ast-global-color-8-background-color has-text-color has-background has-link-color wp-elements-1dad62e84ba2580500aa9e0f56d43c9d is-layout-flow wp-block-column-is-layout-flow\">\n<h1 class=\"wp-block-heading has-text-align-center\">25+<\/h1>\n\n\n\n<p class=\"has-text-align-center has-ast-global-color-8-background-color has-background\"><strong>years of experience<\/strong><\/p>\n<\/div>\n\n\n\n<div class=\"wp-block-column is-layout-flow wp-block-column-is-layout-flow\">\n<h1 class=\"wp-block-heading has-text-align-center\">500+<\/h1>\n\n\n\n<p class=\"has-text-align-center\"><strong>machines manufactured<\/strong><\/p>\n<\/div>\n\n\n\n<div class=\"wp-block-column is-layout-flow wp-block-column-is-layout-flow\">\n<h1 class=\"wp-block-heading has-text-align-center\">250+<\/h1>\n\n\n\n<p class=\"has-text-align-center\"><strong>satisfied clients<\/strong><\/p>\n<\/div>\n<\/div>\n\n\n\n<hr class=\"wp-block-separator has-alpha-channel-opacity is-style-wide\"\/>\n\n\n\n<p class=\"has-text-align-center has-white-color has-ast-global-color-8-background-color has-text-color has-background has-link-color has-x-large-font-size wp-elements-db86df462677f4f90b5c28a87a464241\"><strong>Why Choose Us?<\/strong><\/p>\n\n\n\n<div class=\"wp-block-columns has-white-color has-ast-global-color-8-background-color has-text-color has-background has-link-color wp-elements-1c97cf2f75b5f2136bbea3a60e221369 is-layout-flex wp-container-core-columns-is-layout-4c1dd492 wp-block-columns-is-layout-flex\" style=\"margin-top:var(--wp--preset--spacing--80);margin-bottom:var(--wp--preset--spacing--80)\">\n<div class=\"wp-block-column is-vertically-aligned-top is-layout-flow wp-block-column-is-layout-flow\" style=\"flex-basis:25%\">\n<h3 class=\"wp-block-heading\">Extensive Experience<\/h3>\n\n\n\n<p>More than 25 years of experience in hydraulics and the production of industrial machines.<\/p>\n<\/div>\n\n\n\n<div class=\"wp-block-column is-layout-flow wp-block-column-is-layout-flow\" style=\"flex-basis:50%\">\n<div class=\"wp-block-columns is-layout-flex wp-container-core-columns-is-layout-28f84493 wp-block-columns-is-layout-flex\">\n<div class=\"wp-block-column is-layout-flow wp-block-column-is-layout-flow\">\n<h3 class=\"wp-block-heading\">High-Quality Manufacturing<\/h3>\n\n\n\n<p>In production, we use proven components and robust construction to ensure long-lasting machine performance.<\/p>\n<\/div>\n\n\n\n<div class=\"wp-block-column is-layout-flow wp-block-column-is-layout-flow\">\n<h3 class=\"wp-block-heading\">Customization to Customer Needs<\/h3>\n\n\n\n<p>We manufacture machines according to customer requirements, with the option to customize dimensions and capacity.<\/p>\n<\/div>\n<\/div>\n<\/div>\n\n\n\n<div class=\"wp-block-column is-layout-flow wp-block-column-is-layout-flow\" style=\"flex-basis:25%\">\n<h3 class=\"wp-block-heading\">Reliable Partner<\/h3>\n\n\n\n<p>Our goal is long-term cooperation and reliable equipment that enhances our clients\u2019 business performance.<\/p>\n<\/div>\n<\/div>","protected":false},"excerpt":{"rendered":"<p>O NAMA Hidraulika Karovi\u0107 bavi se projektovanjem i proizvodnjom hidrauli\u010dkih presa za baliranje kartona, PET ambala\u017ee i folije, kao i izradom hidrauli\u010dkih cepa\u010da i drugih hidrauli\u010dkih sistema. Pored toga, u na\u0161oj ponudi nalaze se i hidrauli\u010dke prese za ce\u0111enje vo\u0107a namenjene preradi vo\u0107a i proizvodnji prirodnih sokova, hidrauli\u010dke pakerice za seno i \u0161u\u0161ku i hidrauli\u010dke [&hellip;]<\/p>\n","protected":false},"author":1,"featured_media":0,"parent":0,"menu_order":0,"comment_status":"closed","ping_status":"closed","template":"","meta":{"_uag_custom_page_level_css":"","site-sidebar-layout":"no-sidebar","site-content-layout":"plain-container","ast-site-content-layout":"normal-width-container","site-content-style":"unboxed","site-sidebar-style":"unboxed","ast-global-header-display":"","ast-banner-title-visibility":"","ast-main-header-display":"","ast-hfb-above-header-display":"","ast-hfb-below-header-display":"","ast-hfb-mobile-header-display":"","site-post-title":"disabled","ast-breadcrumbs-content":"","ast-featured-img":"disabled","footer-sml-layout":"","ast-disable-related-posts":"","theme-transparent-header-meta":"enabled","adv-header-id-meta":"","stick-header-meta":"","header-above-stick-meta":"","header-main-stick-meta":"","header-below-stick-meta":"","astra-migrate-meta-layouts":"set","ast-page-background-enabled":"default","ast-page-background-meta":{"desktop":{"background-color":"","background-image":"","background-repeat":"repeat","background-position":"center center","background-size":"auto","background-attachment":"scroll","background-type":"","background-media":"","overlay-type":"","overlay-color":"","overlay-opacity":"","overlay-gradient":""},"tablet":{"background-color":"","background-image":"","background-repeat":"repeat","background-position":"center center","background-size":"auto","background-attachment":"scroll","background-type":"","background-media":"","overlay-type":"","overlay-color":"","overlay-opacity":"","overlay-gradient":""},"mobile":{"background-color":"","background-image":"","background-repeat":"repeat","background-position":"center center","background-size":"auto","background-attachment":"scroll","background-type":"","background-media":"","overlay-type":"","overlay-color":"","overlay-opacity":"","overlay-gradient":""}},"ast-content-background-meta":{"desktop":{"background-color":"var(--ast-global-color-5)","background-image":"","background-repeat":"repeat","background-position":"center center","background-size":"auto","background-attachment":"scroll","background-type":"","background-media":"","overlay-type":"","overlay-color":"","overlay-opacity":"","overlay-gradient":""},"tablet":{"background-color":"var(--ast-global-color-5)","background-image":"","background-repeat":"repeat","background-position":"center center","background-size":"auto","background-attachment":"scroll","background-type":"","background-media":"","overlay-type":"","overlay-color":"","overlay-opacity":"","overlay-gradient":""},"mobile":{"background-color":"var(--ast-global-color-5)","background-image":"","background-repeat":"repeat","background-position":"center center","background-size":"auto","background-attachment":"scroll","background-type":"","background-media":"","overlay-type":"","overlay-color":"","overlay-opacity":"","overlay-gradient":""}},"footnotes":""},"class_list":["post-495","page","type-page","status-publish","hentry"],"_hostinger_reach_plugin_has_subscription_block":false,"_hostinger_reach_plugin_is_elementor":false,"uagb_featured_image_src":{"full":false,"thumbnail":false,"medium":false,"medium_large":false,"large":false,"1536x1536":false,"2048x2048":false,"trp-custom-language-flag":false},"uagb_author_info":{"display_name":"jocanole02@gmail.com","author_link":"https:\/\/hidraulikakarovic.com\/en\/author\/jocanole02gmail-com\/"},"uagb_comment_info":0,"uagb_excerpt":"O NAMA Hidraulika Karovi\u0107 bavi se projektovanjem i proizvodnjom hidrauli\u010dkih presa za baliranje kartona, PET ambala\u017ee i folije, kao i izradom hidrauli\u010dkih cepa\u010da i drugih hidrauli\u010dkih sistema. Pored toga, u na\u0161oj ponudi nalaze se i hidrauli\u010dke prese za ce\u0111enje vo\u0107a namenjene preradi vo\u0107a i proizvodnji prirodnih sokova, hidrauli\u010dke pakerice za seno i \u0161u\u0161ku i hidrauli\u010dke&hellip;","_links":{"self":[{"href":"https:\/\/hidraulikakarovic.com\/en\/wp-json\/wp\/v2\/pages\/495","targetHints":{"allow":["GET"]}}],"collection":[{"href":"https:\/\/hidraulikakarovic.com\/en\/wp-json\/wp\/v2\/pages"}],"about":[{"href":"https:\/\/hidraulikakarovic.com\/en\/wp-json\/wp\/v2\/types\/page"}],"author":[{"embeddable":true,"href":"https:\/\/hidraulikakarovic.com\/en\/wp-json\/wp\/v2\/users\/1"}],"replies":[{"embeddable":true,"href":"https:\/\/hidraulikakarovic.com\/en\/wp-json\/wp\/v2\/comments?post=495"}],"version-history":[{"count":44,"href":"https:\/\/hidraulikakarovic.com\/en\/wp-json\/wp\/v2\/pages\/495\/revisions"}],"predecessor-version":[{"id":1825,"href":"https:\/\/hidraulikakarovic.com\/en\/wp-json\/wp\/v2\/pages\/495\/revisions\/1825"}],"wp:attachment":[{"href":"https:\/\/hidraulikakarovic.com\/en\/wp-json\/wp\/v2\/media?parent=495"}],"curies":[{"name":"wp","href":"https:\/\/api.w.org\/{rel}","templated":true}]}}